{"id":5847,"date":"2017-02-03T15:06:52","date_gmt":"2017-02-03T15:06:52","guid":{"rendered":"http:\/\/wp.controlglobal.biz:8888\/controlglobal\/?page_id=5847"},"modified":"2018-07-16T13:10:12","modified_gmt":"2018-07-16T16:10:12","slug":"telemetry-control","status":"publish","type":"page","link":"https:\/\/controlglobal.biz\/blog\/telemetry-control\/","title":{"rendered":"Telemetry Control"},"content":{"rendered":"<p>[vc_section full_width=&#8221;stretch_row_content&#8221; full_height=&#8221;yes&#8221; content_placement=&#8221;middle&#8221; el_class=&#8221;.section-principal&#8221;][vc_row el_class=&#8221;inrow-principal-1&#8243;][vc_column width=&#8221;1\/2&#8243; el_class=&#8221;col-principal-1&#8243;][vc_custom_heading text=&#8221;LA HERRAMIENTA DE MONITOREO DEFINITIVA.&#8221; font_container=&#8221;tag:h2|text_align:left|color:%23ffffff&#8221; google_fonts=&#8221;font_family:Montserrat%3Aregular%2C700|font_style:700%20bold%20regular%3A700%3Anormal&#8221; el_class=&#8221;h-principal&#8221;][vc_custom_heading text=&#8221;Supervise la informaci\u00f3n y genere reportes en tiempo real con Telemetry Control.&#8221; font_container=&#8221;tag:h2|text_align:left|color:%23ffffff&#8221; google_fonts=&#8221;font_family:Lato%3A100%2C100italic%2C300%2C300italic%2Cregular%2Citalic%2C700%2C700italic%2C900%2C900italic|font_style:700%20bold%20regular%3A700%3Anormal&#8221; el_class=&#8221;p-principal&#8221;][\/vc_column][vc_column width=&#8221;1\/2&#8243; el_class=&#8221;col-principal-2&#8243;][vc_single_image image=&#8221;5854&#8243; img_size=&#8221;full&#8221; el_class=&#8221;img-principal&#8221;][\/vc_column][\/vc_row][vc_row el_class=&#8221;icon-row-principal&#8221;][vc_column width=&#8221;1\/4&#8243; offset=&#8221;vc_col-xs-3&#8243;][vc_icon type=&#8221;entypo&#8221; icon_entypo=&#8221;entypo-icon entypo-icon-chart-bar&#8221; color=&#8221;white&#8221; background_style=&#8221;rounded-outline&#8221; size=&#8221;xs&#8221; align=&#8221;center&#8221; el_class=&#8221;icon-principal&#8221;][vc_custom_heading text=&#8221;1&#8243; font_container=&#8221;tag:h2|text_align:center|color:%23ffffff&#8221; google_fonts=&#8221;font_family:Montserrat%3Aregular%2C700|font_style:700%20bold%20regular%3A700%3Anormal&#8221; el_class=&#8221;n-iconos-principal&#8221;][vc_custom_heading text=&#8221;MEDICI\u00d3N&#8221; font_container=&#8221;tag:h2|text_align:center|color:%23ffffff&#8221; google_fonts=&#8221;font_family:Montserrat%3Aregular%2C700|font_style:700%20bold%20regular%3A700%3Anormal&#8221; el_class=&#8221;h-iconos-principal fix&#8221;][vc_custom_heading text=&#8221;Configure su expendedora para controlar su estado y stock&#8221; font_container=&#8221;tag:h2|text_align:center|color:%23ffffff&#8221; google_fonts=&#8221;font_family:Lato%3A100%2C100italic%2C300%2C300italic%2Cregular%2Citalic%2C700%2C700italic%2C900%2C900italic|font_style:700%20bold%20regular%3A700%3Anormal&#8221; el_class=&#8221;p-iconos-principal&#8221;][\/vc_column][vc_column width=&#8221;1\/4&#8243; offset=&#8221;vc_col-xs-3&#8243;][vc_icon icon_fontawesome=&#8221;fa fa-database&#8221; color=&#8221;white&#8221; background_style=&#8221;rounded-outline&#8221; size=&#8221;xs&#8221; align=&#8221;center&#8221; el_class=&#8221;icon-principal&#8221;][vc_custom_heading text=&#8221;2&#8243; font_container=&#8221;tag:h2|text_align:center|color:%23ffffff&#8221; google_fonts=&#8221;font_family:Montserrat%3Aregular%2C700|font_style:700%20bold%20regular%3A700%3Anormal&#8221; el_class=&#8221;n-iconos-principal&#8221;][vc_custom_heading text=&#8221;ALMACENAMIENTO&#8221; font_container=&#8221;tag:h2|text_align:center|color:%23ffffff&#8221; google_fonts=&#8221;font_family:Montserrat%3Aregular%2C700|font_style:700%20bold%20regular%3A700%3Anormal&#8221; el_class=&#8221;h-iconos-principal&#8221;][vc_custom_heading text=&#8221;Registre usuarios y asigne permisos de consumo por expendedora&#8221; font_container=&#8221;tag:h2|text_align:center|color:%23ffffff&#8221; google_fonts=&#8221;font_family:Lato%3A100%2C100italic%2C300%2C300italic%2Cregular%2Citalic%2C700%2C700italic%2C900%2C900italic|font_style:700%20bold%20regular%3A700%3Anormal&#8221; el_class=&#8221;p-iconos-principal&#8221;][\/vc_column][vc_column width=&#8221;1\/4&#8243; offset=&#8221;vc_col-xs-3&#8243;][vc_icon type=&#8221;entypo&#8221; icon_entypo=&#8221;entypo-icon entypo-icon-chart-pie&#8221; color=&#8221;white&#8221; background_style=&#8221;rounded-outline&#8221; size=&#8221;xs&#8221; align=&#8221;center&#8221; el_class=&#8221;icon-principal&#8221;][vc_custom_heading text=&#8221;3&#8243; font_container=&#8221;tag:h2|text_align:center|color:%23ffffff&#8221; google_fonts=&#8221;font_family:Montserrat%3Aregular%2C700|font_style:700%20bold%20regular%3A700%3Anormal&#8221; el_class=&#8221;n-iconos-principal&#8221;][vc_custom_heading text=&#8221;GR\u00c1FICOS&#8221; font_container=&#8221;tag:h2|text_align:center|color:%23ffffff&#8221; google_fonts=&#8221;font_family:Montserrat%3Aregular%2C700|font_style:700%20bold%20regular%3A700%3Anormal&#8221; el_class=&#8221;h-iconos-principal&#8221;][vc_custom_heading text=&#8221;Los cr\u00e9ditos y consumos se procesan en la nube de manera segura&#8221; font_container=&#8221;tag:h2|text_align:center|color:%23ffffff&#8221; google_fonts=&#8221;font_family:Lato%3A100%2C100italic%2C300%2C300italic%2Cregular%2Citalic%2C700%2C700italic%2C900%2C900italic|font_style:700%20bold%20regular%3A700%3Anormal&#8221; el_class=&#8221;p-iconos-principal&#8221;][\/vc_column][vc_column width=&#8221;1\/4&#8243; offset=&#8221;vc_col-xs-3&#8243;][vc_icon icon_fontawesome=&#8221;fa fa-laptop&#8221; color=&#8221;white&#8221; background_style=&#8221;rounded-outline&#8221; size=&#8221;xs&#8221; align=&#8221;center&#8221; el_class=&#8221;icon-principal&#8221;][vc_custom_heading text=&#8221;4&#8243; font_container=&#8221;tag:h2|text_align:center|color:%23ffffff&#8221; google_fonts=&#8221;font_family:Montserrat%3Aregular%2C700|font_style:700%20bold%20regular%3A700%3Anormal&#8221; el_class=&#8221;n-iconos-principal&#8221;][vc_custom_heading text=&#8221;HISTORIAL&#8221; font_container=&#8221;tag:h2|text_align:center|color:%23ffffff&#8221; google_fonts=&#8221;font_family:Montserrat%3Aregular%2C700|font_style:700%20bold%20regular%3A700%3Anormal&#8221; el_class=&#8221;h-iconos-principal&#8221;][vc_custom_heading text=&#8221;Desarrolle nuevas estrategias en base a la informaci\u00f3n recopilada&#8221; font_container=&#8221;tag:h2|text_align:center|color:%23ffffff&#8221; google_fonts=&#8221;font_family:Lato%3A100%2C100italic%2C300%2C300italic%2Cregular%2Citalic%2C700%2C700italic%2C900%2C900italic|font_style:700%20bold%20regular%3A700%3Anormal&#8221; el_class=&#8221;p-iconos-principal&#8221;][\/vc_column][\/vc_row][\/vc_section][vc_section full_width=&#8221;stretch_row_content&#8221; content_placement=&#8221;middle&#8221; el_class=&#8221;section-caracteristicas&#8221;][vc_row][vc_column][vc_custom_heading text=&#8221;TELEMETRY CONTROL&#8221; font_container=&#8221;tag:h2|text_align:center|color:%23444444&#8243; google_fonts=&#8221;font_family:Montserrat%3Aregular%2C700|font_style:700%20bold%20regular%3A700%3Anormal&#8221; el_class=&#8221;h-head&#8221;][vc_custom_heading text=&#8221;Caracter\u00edsticas y beneficios para su empresa&#8221; font_container=&#8221;tag:h2|text_align:center|color:%23444444&#8243; google_fonts=&#8221;font_family:Lato%3A100%2C100italic%2C300%2C300italic%2Cregular%2Citalic%2C700%2C700italic%2C900%2C900italic|font_style:400%20regular%3A400%3Anormal&#8221; el_class=&#8221;sh-head&#8221;][vc_separator color=&#8221;custom&#8221; border_width=&#8221;2&#8243; accent_color=&#8221;#05508b&#8221; el_class=&#8221;separator-head&#8221;][\/vc_column][\/vc_row][vc_row el_class=&#8221;row-caracteristicas-1&#8243;][vc_column width=&#8221;1\/3&#8243; offset=&#8221;vc_col-xs-4&#8243;][vc_icon icon_fontawesome=&#8221;fa fa-tachometer&#8221; color=&#8221;custom&#8221; background_style=&#8221;rounded-outline&#8221; size=&#8221;xs&#8221; align=&#8221;center&#8221; custom_color=&#8221;#2a8ecc&#8221; el_class=&#8221;icon-caracteristicas&#8221;][vc_custom_heading text=&#8221;DASHBOARD DE SUS DATOS&#8221; font_container=&#8221;tag:h2|text_align:center|color:%23444444&#8243; google_fonts=&#8221;font_family:Montserrat%3Aregular%2C700|font_style:400%20regular%3A400%3Anormal&#8221; el_class=&#8221;p-icono-caracteristicas&#8221;][vc_custom_heading text=&#8221;La herramienta viene con un complejo pero intuitivo sistema equipado con un dashboard profesional, donde usted podr\u00e1 visualizar la informaci\u00f3n.&#8221; font_container=&#8221;tag:h2|text_align:center|color:%23666666&#8243; google_fonts=&#8221;font_family:Lato%3A100%2C100italic%2C300%2C300italic%2Cregular%2Citalic%2C700%2C700italic%2C900%2C900italic|font_style:400%20regular%3A400%3Anormal&#8221; el_class=&#8221;sp-icono-caracteristicas&#8221;][\/vc_column][vc_column width=&#8221;1\/3&#8243; offset=&#8221;vc_col-xs-4&#8243;][vc_icon icon_fontawesome=&#8221;fa fa-laptop&#8221; color=&#8221;custom&#8221; background_style=&#8221;rounded-outline&#8221; size=&#8221;xs&#8221; align=&#8221;center&#8221; custom_color=&#8221;#2a8ecc&#8221; el_class=&#8221;icon-caracteristicas&#8221;][vc_custom_heading text=&#8221;PLATAFORMA WEB&#8221; font_container=&#8221;tag:h2|text_align:center|color:%23444444&#8243; google_fonts=&#8221;font_family:Montserrat%3Aregular%2C700|font_style:400%20regular%3A400%3Anormal&#8221; el_class=&#8221;p-icono-caracteristicas&#8221;][vc_custom_heading text=&#8221;Acceda a la plataforma de gesti\u00f3n desde cualquier dispositivo, en cualquier lugar y en cualquier momento a trav\u00e9s de un navegador web.&#8221; font_container=&#8221;tag:h2|text_align:center|color:%23666666&#8243; google_fonts=&#8221;font_family:Lato%3A100%2C100italic%2C300%2C300italic%2Cregular%2Citalic%2C700%2C700italic%2C900%2C900italic|font_style:400%20regular%3A400%3Anormal&#8221; el_class=&#8221;sp-icono-caracteristicas&#8221;][\/vc_column][vc_column width=&#8221;1\/3&#8243; offset=&#8221;vc_col-xs-4&#8243;][vc_icon icon_fontawesome=&#8221;fa fa-lock&#8221; color=&#8221;custom&#8221; background_style=&#8221;rounded-outline&#8221; size=&#8221;xs&#8221; align=&#8221;center&#8221; custom_color=&#8221;#2a8ecc&#8221; el_class=&#8221;icon-caracteristicas&#8221;][vc_custom_heading text=&#8221;SEGURO&#8221; font_container=&#8221;tag:h2|text_align:center|color:%23444444&#8243; google_fonts=&#8221;font_family:Montserrat%3Aregular%2C700|font_style:400%20regular%3A400%3Anormal&#8221; el_class=&#8221;p-icono-caracteristicas&#8221;][vc_custom_heading text=&#8221;Sus datos ser\u00e1n procesados y luego almacenados en la nube, resguardados de cualquier potencial fallo o ataque a la integridad de los mismos.&#8221; font_container=&#8221;tag:h2|text_align:center|color:%23666666&#8243; google_fonts=&#8221;font_family:Lato%3A100%2C100italic%2C300%2C300italic%2Cregular%2Citalic%2C700%2C700italic%2C900%2C900italic|font_style:400%20regular%3A400%3Anormal&#8221; el_class=&#8221;sp-icono-caracteristicas&#8221;][\/vc_column][\/vc_row][vc_row el_class=&#8221;row-caracteristicas-2&#8243;][vc_column width=&#8221;1\/3&#8243; offset=&#8221;vc_col-xs-4&#8243;][vc_icon icon_fontawesome=&#8221;fa fa-exclamation-circle&#8221; color=&#8221;custom&#8221; background_style=&#8221;rounded-outline&#8221; size=&#8221;xs&#8221; align=&#8221;center&#8221; custom_color=&#8221;#2a8ecc&#8221; el_class=&#8221;icon-caracteristicas&#8221;][vc_custom_heading text=&#8221;ALERTAS&#8221; font_container=&#8221;tag:h2|text_align:center|color:%23444444&#8243; google_fonts=&#8221;font_family:Montserrat%3Aregular%2C700|font_style:400%20regular%3A400%3Anormal&#8221; el_class=&#8221;p-icono-caracteristicas&#8221;][vc_custom_heading text=&#8221;Sea el primero en saber qu\u00e9 es lo que sucede con alertas personalizadas ante ciertos eventos o condiciones espec\u00edficas que usted podr\u00e1 configurar.&#8221; font_container=&#8221;tag:h2|text_align:center|color:%23666666&#8243; google_fonts=&#8221;font_family:Lato%3A100%2C100italic%2C300%2C300italic%2Cregular%2Citalic%2C700%2C700italic%2C900%2C900italic|font_style:400%20regular%3A400%3Anormal&#8221; el_class=&#8221;sp-icono-caracteristicas&#8221;][\/vc_column][vc_column width=&#8221;1\/3&#8243; offset=&#8221;vc_col-xs-4&#8243;][vc_icon icon_fontawesome=&#8221;fa fa-eye&#8221; color=&#8221;custom&#8221; background_style=&#8221;rounded-outline&#8221; size=&#8221;xs&#8221; align=&#8221;center&#8221; custom_color=&#8221;#2a8ecc&#8221; el_class=&#8221;icon-caracteristicas&#8221;][vc_custom_heading text=&#8221;SUPERVISI\u00d3N PRESENCIAL&#8221; font_container=&#8221;tag:h2|text_align:center|color:%23444444&#8243; google_fonts=&#8221;font_family:Montserrat%3Aregular%2C700|font_style:400%20regular%3A400%3Anormal&#8221; el_class=&#8221;p-icono-caracteristicas&#8221;][vc_custom_heading text=&#8221;Mantenga total control sobre lo que est\u00e1 sucediendo en su empresa en tiempo real. Sepa qu\u00e9 estrategias est\u00e1n funcionando y cu\u00e1les no.&#8221; font_container=&#8221;tag:h2|text_align:center|color:%23666666&#8243; google_fonts=&#8221;font_family:Lato%3A100%2C100italic%2C300%2C300italic%2Cregular%2Citalic%2C700%2C700italic%2C900%2C900italic|font_style:400%20regular%3A400%3Anormal&#8221; el_class=&#8221;sp-icono-caracteristicas&#8221;][\/vc_column][vc_column width=&#8221;1\/3&#8243; offset=&#8221;vc_col-xs-4&#8243;][vc_icon icon_fontawesome=&#8221;fa fa-wifi&#8221; color=&#8221;custom&#8221; background_style=&#8221;rounded-outline&#8221; size=&#8221;xs&#8221; align=&#8221;center&#8221; custom_color=&#8221;#2a8ecc&#8221; el_class=&#8221;icon-caracteristicas&#8221;][vc_custom_heading text=&#8221;INFORMACI\u00d3N ONLINE&#8221; font_container=&#8221;tag:h2|text_align:center|color:%23444444&#8243; google_fonts=&#8221;font_family:Montserrat%3Aregular%2C700|font_style:400%20regular%3A400%3Anormal&#8221; el_class=&#8221;p-icono-caracteristicas&#8221;][vc_custom_heading text=&#8221;Gracias a su sistema con tecnolog\u00eda Wireless, WI-FI, GPRS, 3G y 4G, usted podr\u00e1 acceder desde cualquier punto y permancer conectado.&#8221; font_container=&#8221;tag:h2|text_align:center|color:%23666666&#8243; google_fonts=&#8221;font_family:Lato%3A100%2C100italic%2C300%2C300italic%2Cregular%2Citalic%2C700%2C700italic%2C900%2C900italic|font_style:400%20regular%3A400%3Anormal&#8221; el_class=&#8221;sp-icono-caracteristicas&#8221;][\/vc_column][\/vc_row][\/vc_section][vc_section full_width=&#8221;stretch_row_content&#8221; el_class=&#8221;section-news&#8221;][vc_row][vc_column][vc_custom_heading text=&#8221;NOTICIAS&#8221; font_container=&#8221;tag:h2|text_align:center|color:%23444444&#8243; google_fonts=&#8221;font_family:Montserrat%3Aregular%2C700|font_style:700%20bold%20regular%3A700%3Anormal&#8221; el_class=&#8221;h-head&#8221;][vc_custom_heading text=&#8221;Mant\u00e9ngase al tanto con las novedades del mundo del vending&#8221; font_container=&#8221;tag:h2|text_align:center|color:%23444444&#8243; google_fonts=&#8221;font_family:Lato%3A100%2C100italic%2C300%2C300italic%2Cregular%2Citalic%2C700%2C700italic%2C900%2C900italic|font_style:400%20regular%3A400%3Anormal&#8221; el_class=&#8221;sh-head&#8221;][vc_separator color=&#8221;custom&#8221; border_width=&#8221;2&#8243; accent_color=&#8221;#05508b&#8221; el_class=&#8221;separator-head&#8221;][\/vc_column][\/vc_row][vc_row][vc_column el_class=&#8221;inrow-news-2&#8243;][svc_post_layout svc_type=&#8221;carousel&#8221; car_display_item=&#8221;3&#8243; svc_excerpt_length=&#8221;44&#8243; dcategory=&#8221;yes&#8221; dmeta_data=&#8221;yes&#8221; dsocial=&#8221;yes&#8221; dpost_popup=&#8221;yes&#8221; dimg_popup=&#8221;yes&#8221; read_more=&#8221;Leer m\u00e1s&#8221; line_color=&#8221;#0b354b&#8221; tcolor=&#8221;#0b354b&#8221;][\/vc_column][\/vc_row][\/vc_section][vc_section full_width=&#8221;stretch_row_content&#8221; content_placement=&#8221;middle&#8221; el_class=&#8221;section-contact&#8221; css=&#8221;.vc_custom_1531757404264{background-color: #094867 !important;}&#8221;][vc_row full_height=&#8221;yes&#8221; equal_height=&#8221;yes&#8221; content_placement=&#8221;top&#8221; el_class=&#8221;row-contacto&#8221; css=&#8221;.vc_custom_1486053148676{background-image: url(http:\/\/gabrielanavarrobienesraices.com\/wp-content\/uploads\/2017\/01\/Fondo-Contacto.jpg?id=218) !important;background-position: center !important;background-repeat: no-repeat !important;background-size: cover !important;}&#8221;][vc_column offset=&#8221;vc_col-lg-6 vc_col-md-12 vc_col-xs-12&#8243; el_class=&#8221;col-contact-1&#8243;][vc_custom_heading text=&#8221;\u00bfDesea conocer m\u00e1s acerca de nuestros servicios? P\u00f3ngase en contacto con nosotros&#8221; google_fonts=&#8221;font_family:Open%20Sans%3A300%2C300italic%2Cregular%2Citalic%2C600%2C600italic%2C700%2C700italic%2C800%2C800italic|font_style:400%20regular%3A400%3Anormal&#8221; el_class=&#8221;head-contacto&#8221;][vc_separator align=&#8221;align_left&#8221; border_width=&#8221;2&#8243; el_width=&#8221;50&#8243; el_class=&#8221;separator-contacto&#8221;][vc_custom_heading text=&#8221;No dude en hacernos llegar sus inquietudes. Vis\u00edtenos en algunas de nuestras sedes, o env\u00edenos su consulta y nos contactaremos al instante.Tambi\u00e9n puede escribirnos a: <strong>info@controlglobal.biz<strong>&#8221; font_container=&#8221;tag:h2|text_align:left|color:%23ffffff&#8221; google_fonts=&#8221;font_family:Open%20Sans%3A300%2C300italic%2Cregular%2Citalic%2C600%2C600italic%2C700%2C700italic%2C800%2C800italic|font_style:400%20regular%3A400%3Anormal&#8221; el_class=&#8221;p-contacto&#8221;][vc_gmaps link=&#8221;#E-8_JTNDaWZyYW1lJTIwc3JjJTNEJTIyaHR0cHMlM0ElMkYlMkZ3d3cuZ29vZ2xlLmNvbSUyRm1hcHMlMkZlbWJlZCUzRnBiJTNEJTIxMW0xOCUyMTFtMTIlMjExbTMlMjExZDEzNTEuMDA5NTkwNTIxNjU3JTIxMmQtNjQuMTYxNzg5MDc0NzYwNjUlMjEzZC0zMS40MzI1NTY5ODMzNzY0NCUyMTJtMyUyMTFmMCUyMTJmMCUyMTNmMCUyMTNtMiUyMTFpMTAyNCUyMTJpNzY4JTIxNGYxMy4xJTIxM20zJTIxMW0yJTIxMXMweDk0MzJhMmM2Njk2ZTFmNGQlMjUzQTB4NTRiMmE3N2ZjYjIwOGRkZiUyMTJzQ29udHJvbCUyQkdsb2JhbCUyMTVlMCUyMTNtMiUyMTFzZXMlMjEyc2FyJTIxNHYxNDg0NTU2MDg1NDA4JTIyJTIwd2lkdGglM0QlMjI2MDAlMjIlMjBoZWlnaHQlM0QlMjI0NTAlMjIlMjBmcmFtZWJvcmRlciUzRCUyMjAlMjIlMjBzdHlsZSUzRCUyMmJvcmRlciUzQTAlMjIlMjBhbGxvd2Z1bGxzY3JlZW4lM0UlM0MlMkZpZnJhbWUlM0U=&#8221; size=&#8221;&#8221; el_class=&#8221;map&#8221;][\/vc_column][vc_column el_class=&#8221;col-contacto&#8221; css=&#8221;.vc_custom_1485959155998{background-color: rgba(0,0,0,0.3) !important;*background-color: rgb(0,0,0) !important;}&#8221; offset=&#8221;vc_col-lg-6 vc_col-md-12 vc_col-xs-12&#8243;][contact-form-7 id=&#8221;17&#8243;][vc_raw_html]JTNDc2NyaXB0JTIwdHlwZSUzRCUyMnRleHQlMkZqYXZhc2NyaXB0JTIyJTIwc3JjJTNEJTIyJTJGJTJGY29kZS5qcXVlcnkuY29tJTJGanF1ZXJ5LTEuMTEuMC5taW4uanMlMjIlM0UlM0MlMkZzY3JpcHQlM0UlMEElM0NzY3JpcHQlMjB0eXBlJTNEJTIydGV4dCUyRmphdmFzY3JpcHQlMjIlMjBzcmMlM0QlMjIlMkYlMkZjb2RlLmpxdWVyeS5jb20lMkZqcXVlcnktbWlncmF0ZS0xLjIuMS5taW4uanMlMjIlM0UlM0MlMkZzY3JpcHQlM0U=[\/vc_raw_html][vc_raw_js]JTNDc2NyaXB0JTIwdHlwZSUzRCUyMnRleHQlMkZqYXZhc2NyaXB0JTIyJTNFJTBBJTIwJTIwJTI0JTI4ZG9jdW1lbnQlMjkucmVhZHklMjhmdW5jdGlvbiUyOCUyOSU3QiUwQSUyMCUyMCUyMCUyMCUyNCUyOCUyNyUyM21lbnUtaXRlbS03MjczJTIwJTNFJTIwYSUyNyUyOS5hdHRyJTI4JTIyaHJlZiUyMiUyQyUyMCUyMmh0dHAlM0ElMkYlMkZjb250cm9sZ2xvYmFsLmNsdWIlMkZ0ZWxlbWV0cnktY29udHJvbCUyRiUyMiUyOSUzQiUwQSUyMCUyMCUyMCUyMCUyNCUyOCUyNyUyM21lbnUtaXRlbS03Mjc0JTIwJTNFJTIwYSUyNyUyOS5hdHRyJTI4JTIyaHJlZiUyMiUyQyUyMCUyMmh0dHAlM0ElMkYlMkZjb250cm9sZ2xvYmFsLmNsdWIlMkZ0ZWxlbWV0cnktY29udHJvbC1lbiUyRiUyMiUyOSUzQiUwQSUyMCUyMCUyMCUyMCUyNCUyOCUyNyUyM21lbnUtaXRlbS03Mjc1JTIwJTNFJTIwYSUyNyUyOS5hdHRyJTI4JTIyaHJlZiUyMiUyQyUyMCUyMmh0dHAlM0ElMkYlMkZjb250cm9sZ2xvYmFsLmNsdWIlMkZ0ZWxlbWV0cnktY29udHJvbC1wciUyRiUyMiUyOSUzQiUwQSUyMCUyMCUyMCUyMCUyNCUyOCUyNyUyM21lbnUtaXRlbS03NDM2JTIwJTNFJTIwYSUyNyUyOS5hdHRyJTI4JTIyaHJlZiUyMiUyQyUyMCUyMmh0dHAlM0ElMkYlMkZjb250cm9sZ2xvYmFsLmNsdWIlMkZ0ZWxlbWV0cnktY29udHJvbC1jaCUyRiUyMiUyOSUzQiUwQSUyMCUyMCU3RCUyOSUzQiUwQSUzQyUyRnNjcmlwdCUzRSUwQSUwQQ==[\/vc_raw_js][\/vc_column][\/vc_row][\/vc_section][vc_row][vc_column][vc_column_text]<\/strong><\/strong>[\/vc_column_text][\/vc_column][\/vc_row]<\/p>\n","protected":false},"excerpt":{"rendered":"<p>[vc_section full_width=&#8221;stretch_row_content&#8221; full_height=&#8221;yes&#8221; content_placement=&#8221;middle&#8221; el_class=&#8221;.section-principal&#8221;][vc_row el_class=&#8221;inrow-principal-1&#8243;][vc_column width=&#8221;1\/2&#8243; el_class=&#8221;col-principal-1&#8243;][vc_custom_heading text=&#8221;LA HERRAMIENTA DE MONITOREO DEFINITIVA.&#8221; font_container=&#8221;tag:h2|text_align:left|color:%23ffffff&#8221; google_fonts=&#8221;font_family:Montserrat%3Aregular%2C700|font_style:700%20bold%20regular%3A700%3Anormal&#8221; el_class=&#8221;h-principal&#8221;][vc_custom_heading text=&#8221;Supervise la informaci\u00f3n y genere reportes en tiempo real con Telemetry Control.&#8221; font_container=&#8221;tag:h2|text_align:left|color:%23ffffff&#8221; google_fonts=&#8221;font_family:Lato%3A100%2C100italic%2C300%2C300italic%2Cregular%2Citalic%2C700%2C700italic%2C900%2C900italic|font_style:700%20bold%20regular%3A700%3Anormal&#8221; el_class=&#8221;p-principal&#8221;][\/vc_column][vc_column width=&#8221;1\/2&#8243; el_class=&#8221;col-principal-2&#8243;][vc_single_image image=&#8221;5854&#8243; img_size=&#8221;full&#8221; el_class=&#8221;img-principal&#8221;][\/vc_column][\/vc_row][vc_row el_class=&#8221;icon-row-principal&#8221;][vc_column width=&#8221;1\/4&#8243; offset=&#8221;vc_col-xs-3&#8243;][vc_icon type=&#8221;entypo&#8221; icon_entypo=&#8221;entypo-icon entypo-icon-chart-bar&#8221; color=&#8221;white&#8221; background_style=&#8221;rounded-outline&#8221; size=&#8221;xs&#8221; align=&#8221;center&#8221; el_class=&#8221;icon-principal&#8221;][vc_custom_heading text=&#8221;1&#8243; font_container=&#8221;tag:h2|text_align:center|color:%23ffffff&#8221; google_fonts=&#8221;font_family:Montserrat%3Aregular%2C700|font_style:700%20bold%20regular%3A700%3Anormal&#8221; el_class=&#8221;n-iconos-principal&#8221;][vc_custom_heading text=&#8221;MEDICI\u00d3N&#8221; font_container=&#8221;tag:h2|text_align:center|color:%23ffffff&#8221; google_fonts=&#8221;font_family:Montserrat%3Aregular%2C700|font_style:700%20bold%20regular%3A700%3Anormal&#8221; el_class=&#8221;h-iconos-principal [&hellip;]<\/p>\n","protected":false},"author":6,"featured_media":0,"parent":0,"menu_order":0,"comment_status":"closed","ping_status":"closed","template":"","meta":{"footnotes":""},"class_list":["post-5847","page","type-page","status-publish","hentry"],"_links":{"self":[{"href":"https:\/\/controlglobal.biz\/blog\/wp-json\/wp\/v2\/pages\/5847","targetHints":{"allow":["GET"]}}],"collection":[{"href":"https:\/\/controlglobal.biz\/blog\/wp-json\/wp\/v2\/pages"}],"about":[{"href":"https:\/\/controlglobal.biz\/blog\/wp-json\/wp\/v2\/types\/page"}],"author":[{"embeddable":true,"href":"https:\/\/controlglobal.biz\/blog\/wp-json\/wp\/v2\/users\/6"}],"replies":[{"embeddable":true,"href":"https:\/\/controlglobal.biz\/blog\/wp-json\/wp\/v2\/comments?post=5847"}],"version-history":[{"count":13,"href":"https:\/\/controlglobal.biz\/blog\/wp-json\/wp\/v2\/pages\/5847\/revisions"}],"predecessor-version":[{"id":8613,"href":"https:\/\/controlglobal.biz\/blog\/wp-json\/wp\/v2\/pages\/5847\/revisions\/8613"}],"wp:attachment":[{"href":"https:\/\/controlglobal.biz\/blog\/wp-json\/wp\/v2\/media?parent=5847"}],"curies":[{"name":"wp","href":"https:\/\/api.w.org\/{rel}","templated":true}]}}