{"id":5865,"date":"2017-02-03T15:41:22","date_gmt":"2017-02-03T15:41:22","guid":{"rendered":"http:\/\/wp.controlglobal.biz:8888\/controlglobal\/?page_id=5865"},"modified":"2017-03-13T11:28:01","modified_gmt":"2017-03-13T14:28:01","slug":"noticias","status":"publish","type":"page","link":"https:\/\/controlglobal.biz\/blog\/noticias\/","title":{"rendered":"Noticias"},"content":{"rendered":"<p>[vc_section full_width=&#8221;stretch_row_content&#8221; css=&#8221;.vc_custom_1486137324929{background-color: #06518c !important;}&#8221;][vc_row][vc_column][vc_custom_heading text=&#8221;\u00daLTIMAS NOTICIAS&#8221; font_container=&#8221;tag:h2|text_align:center|color:%23ffffff&#8221; google_fonts=&#8221;font_family:Montserrat%3Aregular%2C700|font_style:700%20bold%20regular%3A700%3Anormal&#8221; el_class=&#8221;h-head&#8221;][vc_custom_heading text=&#8221;Mant\u00e9ngase al d\u00eda con nuestras m\u00e1s recientes noticias&#8221; font_container=&#8221;tag:h2|text_align:center|color:%23d1d1d1&#8243; google_fonts=&#8221;font_family:Lato%3A100%2C100italic%2C300%2C300italic%2Cregular%2Citalic%2C700%2C700italic%2C900%2C900italic|font_style:400%20regular%3A400%3Anormal&#8221; el_class=&#8221;sh-head&#8221;][vc_separator el_class=&#8221;separator-head&#8221;][\/vc_column][\/vc_row][vc_row][vc_column][svc_post_layout grid_columns_count_for_desktop=&#8221;svc-col-md-3&#8243; load_more=&#8221;infinite&#8221; dcategory=&#8221;yes&#8221; dmeta_data=&#8221;yes&#8221; dsocial=&#8221;yes&#8221; dpost_popup=&#8221;yes&#8221; read_more=&#8221;Leer m\u00e1s&#8221; loadmore_text=&#8221;Ver m\u00e1s&#8221; pbgcolor=&#8221;rgba(255,255,255,0.9)&#8221;][\/vc_column][\/vc_row][\/vc_section]<\/p>\n","protected":false},"excerpt":{"rendered":"<p>[vc_section full_width=&#8221;stretch_row_content&#8221; css=&#8221;.vc_custom_1486137324929{background-color: #06518c !important;}&#8221;][vc_row][vc_column][vc_custom_heading text=&#8221;\u00daLTIMAS NOTICIAS&#8221; font_container=&#8221;tag:h2|text_align:center|color:%23ffffff&#8221; google_fonts=&#8221;font_family:Montserrat%3Aregular%2C700|font_style:700%20bold%20regular%3A700%3Anormal&#8221; el_class=&#8221;h-head&#8221;][vc_custom_heading text=&#8221;Mant\u00e9ngase al d\u00eda con nuestras m\u00e1s recientes noticias&#8221; font_container=&#8221;tag:h2|text_align:center|color:%23d1d1d1&#8243; google_fonts=&#8221;font_family:Lato%3A100%2C100italic%2C300%2C300italic%2Cregular%2Citalic%2C700%2C700italic%2C900%2C900italic|font_style:400%20regular%3A400%3Anormal&#8221; el_class=&#8221;sh-head&#8221;][vc_separator el_class=&#8221;separator-head&#8221;][\/vc_column][\/vc_row][vc_row][vc_column][svc_post_layout grid_columns_count_for_desktop=&#8221;svc-col-md-3&#8243; load_more=&#8221;infinite&#8221; dcategory=&#8221;yes&#8221; dmeta_data=&#8221;yes&#8221; dsocial=&#8221;yes&#8221; dpost_popup=&#8221;yes&#8221; read_more=&#8221;Leer m\u00e1s&#8221; loadmore_text=&#8221;Ver m\u00e1s&#8221; pbgcolor=&#8221;rgba(255,255,255,0.9)&#8221;][\/vc_column][\/vc_row][\/vc_section]<\/p>\n","protected":false},"author":6,"featured_media":0,"parent":0,"menu_order":0,"comment_status":"closed","ping_status":"closed","template":"","meta":{"footnotes":""},"class_list":["post-5865","page","type-page","status-publish","hentry"],"_links":{"self":[{"href":"https:\/\/controlglobal.biz\/blog\/wp-json\/wp\/v2\/pages\/5865","targetHints":{"allow":["GET"]}}],"collection":[{"href":"https:\/\/controlglobal.biz\/blog\/wp-json\/wp\/v2\/pages"}],"about":[{"href":"https:\/\/controlglobal.biz\/blog\/wp-json\/wp\/v2\/types\/page"}],"author":[{"embeddable":true,"href":"https:\/\/controlglobal.biz\/blog\/wp-json\/wp\/v2\/users\/6"}],"replies":[{"embeddable":true,"href":"https:\/\/controlglobal.biz\/blog\/wp-json\/wp\/v2\/comments?post=5865"}],"version-history":[{"count":10,"href":"https:\/\/controlglobal.biz\/blog\/wp-json\/wp\/v2\/pages\/5865\/revisions"}],"predecessor-version":[{"id":7039,"href":"https:\/\/controlglobal.biz\/blog\/wp-json\/wp\/v2\/pages\/5865\/revisions\/7039"}],"wp:attachment":[{"href":"https:\/\/controlglobal.biz\/blog\/wp-json\/wp\/v2\/media?parent=5865"}],"curies":[{"name":"wp","href":"https:\/\/api.w.org\/{rel}","templated":true}]}}