{"id":7162,"date":"2017-12-14T20:53:47","date_gmt":"2017-12-14T23:53:47","guid":{"rendered":"http:\/\/wp.controlglobal.biz:8888\/controlglobal\/?page_id=7162"},"modified":"2018-07-16T13:09:07","modified_gmt":"2018-07-16T16:09:07","slug":"telemetry-control-pr","status":"publish","type":"page","link":"https:\/\/controlglobal.biz\/blog\/telemetry-control-pr\/","title":{"rendered":"Telemetry Control [PR]"},"content":{"rendered":"<p>[vc_section full_width=&#8221;stretch_row_content&#8221; full_height=&#8221;yes&#8221; content_placement=&#8221;middle&#8221; el_class=&#8221;.section-principal&#8221;][vc_row el_class=&#8221;inrow-principal-1&#8243;][vc_column width=&#8221;1\/2&#8243; el_class=&#8221;col-principal-1&#8243;][vc_custom_heading text=&#8221;A FERRAMENTA DE MONITORIZA\u00c7\u00c3O DEFINITIVA.&#8221; font_container=&#8221;tag:h2|text_align:left|color:%23ffffff&#8221; google_fonts=&#8221;font_family:Montserrat%3Aregular%2C700|font_style:700%20bold%20regular%3A700%3Anormal&#8221; el_class=&#8221;h-principal&#8221;][vc_custom_heading text=&#8221;Monitorize as informa\u00e7\u00f5es e gere relat\u00f3rios em tempo real com Telemetry Control.&#8221; font_container=&#8221;tag:h2|text_align:left|color:%23ffffff&#8221; google_fonts=&#8221;font_family:Lato%3A100%2C100italic%2C300%2C300italic%2Cregular%2Citalic%2C700%2C700italic%2C900%2C900italic|font_style:700%20bold%20regular%3A700%3Anormal&#8221; el_class=&#8221;p-principal&#8221;][\/vc_column][vc_column width=&#8221;1\/2&#8243; el_class=&#8221;col-principal-2&#8243;][vc_single_image image=&#8221;5854&#8243; img_size=&#8221;full&#8221; el_class=&#8221;img-principal&#8221;][\/vc_column][\/vc_row][vc_row el_class=&#8221;icon-row-principal&#8221;][vc_column width=&#8221;1\/4&#8243; offset=&#8221;vc_col-xs-3&#8243;][vc_icon type=&#8221;entypo&#8221; icon_entypo=&#8221;entypo-icon entypo-icon-chart-bar&#8221; color=&#8221;white&#8221; background_style=&#8221;rounded-outline&#8221; size=&#8221;xs&#8221; align=&#8221;center&#8221; el_class=&#8221;icon-principal&#8221;][vc_custom_heading text=&#8221;1&#8243; font_container=&#8221;tag:h2|text_align:center|color:%23ffffff&#8221; google_fonts=&#8221;font_family:Montserrat%3Aregular%2C700|font_style:700%20bold%20regular%3A700%3Anormal&#8221; el_class=&#8221;n-iconos-principal&#8221;][vc_custom_heading text=&#8221;MEDI\u00c7\u00c3O&#8221; font_container=&#8221;tag:h2|text_align:center|color:%23ffffff&#8221; google_fonts=&#8221;font_family:Montserrat%3Aregular%2C700|font_style:700%20bold%20regular%3A700%3Anormal&#8221; el_class=&#8221;h-iconos-principal fix&#8221;][vc_custom_heading text=&#8221;Configure sua m\u00e1quina de venda autom\u00e1tica para monitorar seu status e estoque&#8221; font_container=&#8221;tag:h2|text_align:center|color:%23ffffff&#8221; google_fonts=&#8221;font_family:Lato%3A100%2C100italic%2C300%2C300italic%2Cregular%2Citalic%2C700%2C700italic%2C900%2C900italic|font_style:700%20bold%20regular%3A700%3Anormal&#8221; el_class=&#8221;p-iconos-principal&#8221;][\/vc_column][vc_column width=&#8221;1\/4&#8243; offset=&#8221;vc_col-xs-3&#8243;][vc_icon icon_fontawesome=&#8221;fa fa-database&#8221; color=&#8221;white&#8221; background_style=&#8221;rounded-outline&#8221; size=&#8221;xs&#8221; align=&#8221;center&#8221; el_class=&#8221;icon-principal&#8221;][vc_custom_heading text=&#8221;2&#8243; font_container=&#8221;tag:h2|text_align:center|color:%23ffffff&#8221; google_fonts=&#8221;font_family:Montserrat%3Aregular%2C700|font_style:700%20bold%20regular%3A700%3Anormal&#8221; el_class=&#8221;n-iconos-principal&#8221;][vc_custom_heading text=&#8221;ARMAZENAGEM&#8221; font_container=&#8221;tag:h2|text_align:center|color:%23ffffff&#8221; google_fonts=&#8221;font_family:Montserrat%3Aregular%2C700|font_style:700%20bold%20regular%3A700%3Anormal&#8221; el_class=&#8221;h-iconos-principal&#8221;][vc_custom_heading text=&#8221;Registrar usu\u00e1rios e atribuir permiss\u00f5es de consumo por m\u00e1quina de venda autom\u00e1tica&#8221; font_container=&#8221;tag:h2|text_align:center|color:%23ffffff&#8221; google_fonts=&#8221;font_family:Lato%3A100%2C100italic%2C300%2C300italic%2Cregular%2Citalic%2C700%2C700italic%2C900%2C900italic|font_style:700%20bold%20regular%3A700%3Anormal&#8221; el_class=&#8221;p-iconos-principal&#8221;][\/vc_column][vc_column width=&#8221;1\/4&#8243; offset=&#8221;vc_col-xs-3&#8243;][vc_icon type=&#8221;entypo&#8221; icon_entypo=&#8221;entypo-icon entypo-icon-chart-pie&#8221; color=&#8221;white&#8221; background_style=&#8221;rounded-outline&#8221; size=&#8221;xs&#8221; align=&#8221;center&#8221; el_class=&#8221;icon-principal&#8221;][vc_custom_heading text=&#8221;3&#8243; font_container=&#8221;tag:h2|text_align:center|color:%23ffffff&#8221; google_fonts=&#8221;font_family:Montserrat%3Aregular%2C700|font_style:700%20bold%20regular%3A700%3Anormal&#8221; el_class=&#8221;n-iconos-principal&#8221;][vc_custom_heading text=&#8221;GR\u00c1FICOS&#8221; font_container=&#8221;tag:h2|text_align:center|color:%23ffffff&#8221; google_fonts=&#8221;font_family:Montserrat%3Aregular%2C700|font_style:700%20bold%20regular%3A700%3Anormal&#8221; el_class=&#8221;h-iconos-principal&#8221;][vc_custom_heading text=&#8221;Os cr\u00e9ditos e consumos s\u00e3o processados na nuvem de forma segura&#8221; font_container=&#8221;tag:h2|text_align:center|color:%23ffffff&#8221; google_fonts=&#8221;font_family:Lato%3A100%2C100italic%2C300%2C300italic%2Cregular%2Citalic%2C700%2C700italic%2C900%2C900italic|font_style:700%20bold%20regular%3A700%3Anormal&#8221; el_class=&#8221;p-iconos-principal&#8221;][\/vc_column][vc_column width=&#8221;1\/4&#8243; offset=&#8221;vc_col-xs-3&#8243;][vc_icon icon_fontawesome=&#8221;fa fa-laptop&#8221; color=&#8221;white&#8221; background_style=&#8221;rounded-outline&#8221; size=&#8221;xs&#8221; align=&#8221;center&#8221; el_class=&#8221;icon-principal&#8221;][vc_custom_heading text=&#8221;4&#8243; font_container=&#8221;tag:h2|text_align:center|color:%23ffffff&#8221; google_fonts=&#8221;font_family:Montserrat%3Aregular%2C700|font_style:700%20bold%20regular%3A700%3Anormal&#8221; el_class=&#8221;n-iconos-principal&#8221;][vc_custom_heading text=&#8221;HIST\u00d3RICO&#8221; font_container=&#8221;tag:h2|text_align:center|color:%23ffffff&#8221; google_fonts=&#8221;font_family:Montserrat%3Aregular%2C700|font_style:700%20bold%20regular%3A700%3Anormal&#8221; el_class=&#8221;h-iconos-principal&#8221;][vc_custom_heading text=&#8221;Desenvolva novas estrat\u00e9gias com base na informa\u00e7\u00e3o coletada&#8221; font_container=&#8221;tag:h2|text_align:center|color:%23ffffff&#8221; google_fonts=&#8221;font_family:Lato%3A100%2C100italic%2C300%2C300italic%2Cregular%2Citalic%2C700%2C700italic%2C900%2C900italic|font_style:700%20bold%20regular%3A700%3Anormal&#8221; el_class=&#8221;p-iconos-principal&#8221;][\/vc_column][\/vc_row][\/vc_section][vc_section full_width=&#8221;stretch_row_content&#8221; content_placement=&#8221;middle&#8221; el_class=&#8221;section-caracteristicas&#8221;][vc_row][vc_column][vc_custom_heading text=&#8221;TELEMETRY CONTROL&#8221; font_container=&#8221;tag:h2|text_align:center|color:%23444444&#8243; google_fonts=&#8221;font_family:Montserrat%3Aregular%2C700|font_style:700%20bold%20regular%3A700%3Anormal&#8221; el_class=&#8221;h-head&#8221;][vc_custom_heading text=&#8221;Recursos e benef\u00edcios para sua empresa&#8221; font_container=&#8221;tag:h2|text_align:center|color:%23444444&#8243; google_fonts=&#8221;font_family:Lato%3A100%2C100italic%2C300%2C300italic%2Cregular%2Citalic%2C700%2C700italic%2C900%2C900italic|font_style:400%20regular%3A400%3Anormal&#8221; el_class=&#8221;sh-head&#8221;][vc_separator color=&#8221;custom&#8221; border_width=&#8221;2&#8243; accent_color=&#8221;#05508b&#8221; el_class=&#8221;separator-head&#8221;][\/vc_column][\/vc_row][vc_row el_class=&#8221;row-caracteristicas-1&#8243;][vc_column width=&#8221;1\/3&#8243; offset=&#8221;vc_col-xs-4&#8243;][vc_icon icon_fontawesome=&#8221;fa fa-tachometer&#8221; color=&#8221;custom&#8221; background_style=&#8221;rounded-outline&#8221; size=&#8221;xs&#8221; align=&#8221;center&#8221; custom_color=&#8221;#2a8ecc&#8221; el_class=&#8221;icon-caracteristicas&#8221;][vc_custom_heading text=&#8221;SALA DE BORDO DOS SEUS DADOS&#8221; font_container=&#8221;tag:h2|text_align:center|color:%23444444&#8243; google_fonts=&#8221;font_family:Montserrat%3Aregular%2C700|font_style:400%20regular%3A400%3Anormal&#8221; el_class=&#8221;p-icono-caracteristicas&#8221;][vc_custom_heading text=&#8221;A ferramenta vem com um sistema complexo, mas intuitivo equipado com um painel de instrumentos profissional, onde voc\u00ea pode visualizar a informa\u00e7\u00e3o.&#8221; font_container=&#8221;tag:h2|text_align:center|color:%23666666&#8243; google_fonts=&#8221;font_family:Lato%3A100%2C100italic%2C300%2C300italic%2Cregular%2Citalic%2C700%2C700italic%2C900%2C900italic|font_style:400%20regular%3A400%3Anormal&#8221; el_class=&#8221;sp-icono-caracteristicas&#8221;][\/vc_column][vc_column width=&#8221;1\/3&#8243; offset=&#8221;vc_col-xs-4&#8243;][vc_icon icon_fontawesome=&#8221;fa fa-laptop&#8221; color=&#8221;custom&#8221; background_style=&#8221;rounded-outline&#8221; size=&#8221;xs&#8221; align=&#8221;center&#8221; custom_color=&#8221;#2a8ecc&#8221; el_class=&#8221;icon-caracteristicas&#8221;][vc_custom_heading text=&#8221;PLATAFORMA WEB&#8221; font_container=&#8221;tag:h2|text_align:center|color:%23444444&#8243; google_fonts=&#8221;font_family:Montserrat%3Aregular%2C700|font_style:400%20regular%3A400%3Anormal&#8221; el_class=&#8221;p-icono-caracteristicas&#8221;][vc_custom_heading text=&#8221;Acesse a plataforma de gerenciamento de qualquer dispositivo, em qualquer lugar e a qualquer momento atrav\u00e9s de um navegador da Web.&#8221; font_container=&#8221;tag:h2|text_align:center|color:%23666666&#8243; google_fonts=&#8221;font_family:Lato%3A100%2C100italic%2C300%2C300italic%2Cregular%2Citalic%2C700%2C700italic%2C900%2C900italic|font_style:400%20regular%3A400%3Anormal&#8221; el_class=&#8221;sp-icono-caracteristicas&#8221;][\/vc_column][vc_column width=&#8221;1\/3&#8243; offset=&#8221;vc_col-xs-4&#8243;][vc_icon icon_fontawesome=&#8221;fa fa-lock&#8221; color=&#8221;custom&#8221; background_style=&#8221;rounded-outline&#8221; size=&#8221;xs&#8221; align=&#8221;center&#8221; custom_color=&#8221;#2a8ecc&#8221; el_class=&#8221;icon-caracteristicas&#8221;][vc_custom_heading text=&#8221;SEGURO&#8221; font_container=&#8221;tag:h2|text_align:center|color:%23444444&#8243; google_fonts=&#8221;font_family:Montserrat%3Aregular%2C700|font_style:400%20regular%3A400%3Anormal&#8221; el_class=&#8221;p-icono-caracteristicas&#8221;][vc_custom_heading text=&#8221;Seus dados ser\u00e3o processados e armazenados na nuvem, protegidos de qualquer falha ou ataque potencial para a integridade do mesmo.&#8221; font_container=&#8221;tag:h2|text_align:center|color:%23666666&#8243; google_fonts=&#8221;font_family:Lato%3A100%2C100italic%2C300%2C300italic%2Cregular%2Citalic%2C700%2C700italic%2C900%2C900italic|font_style:400%20regular%3A400%3Anormal&#8221; el_class=&#8221;sp-icono-caracteristicas&#8221;][\/vc_column][\/vc_row][vc_row el_class=&#8221;row-caracteristicas-2&#8243;][vc_column width=&#8221;1\/3&#8243; offset=&#8221;vc_col-xs-4&#8243;][vc_icon icon_fontawesome=&#8221;fa fa-exclamation-circle&#8221; color=&#8221;custom&#8221; background_style=&#8221;rounded-outline&#8221; size=&#8221;xs&#8221; align=&#8221;center&#8221; custom_color=&#8221;#2a8ecc&#8221; el_class=&#8221;icon-caracteristicas&#8221;][vc_custom_heading text=&#8221;ALERTAS&#8221; font_container=&#8221;tag:h2|text_align:center|color:%23444444&#8243; google_fonts=&#8221;font_family:Montserrat%3Aregular%2C700|font_style:400%20regular%3A400%3Anormal&#8221; el_class=&#8221;p-icono-caracteristicas&#8221;][vc_custom_heading text=&#8221;Seja o primeiro a saber o que acontece com alertas personalizados para determinados eventos ou condi\u00e7\u00f5es espec\u00edficas que voc\u00ea pode configurar.&#8221; font_container=&#8221;tag:h2|text_align:center|color:%23666666&#8243; google_fonts=&#8221;font_family:Lato%3A100%2C100italic%2C300%2C300italic%2Cregular%2Citalic%2C700%2C700italic%2C900%2C900italic|font_style:400%20regular%3A400%3Anormal&#8221; el_class=&#8221;sp-icono-caracteristicas&#8221;][\/vc_column][vc_column width=&#8221;1\/3&#8243; offset=&#8221;vc_col-xs-4&#8243;][vc_icon icon_fontawesome=&#8221;fa fa-eye&#8221; color=&#8221;custom&#8221; background_style=&#8221;rounded-outline&#8221; size=&#8221;xs&#8221; align=&#8221;center&#8221; custom_color=&#8221;#2a8ecc&#8221; el_class=&#8221;icon-caracteristicas&#8221;][vc_custom_heading text=&#8221;SUPERVIS\u00c3O PRESENCIAL&#8221; font_container=&#8221;tag:h2|text_align:center|color:%23444444&#8243; google_fonts=&#8221;font_family:Montserrat%3Aregular%2C700|font_style:400%20regular%3A400%3Anormal&#8221; el_class=&#8221;p-icono-caracteristicas&#8221;][vc_custom_heading text=&#8221;Mantenha o controle total sobre o que est\u00e1 acontecendo em sua empresa em tempo real. Saiba quais as estrat\u00e9gias que est\u00e3o funcionando e quais n\u00e3o est\u00e3o.&#8221; font_container=&#8221;tag:h2|text_align:center|color:%23666666&#8243; google_fonts=&#8221;font_family:Lato%3A100%2C100italic%2C300%2C300italic%2Cregular%2Citalic%2C700%2C700italic%2C900%2C900italic|font_style:400%20regular%3A400%3Anormal&#8221; el_class=&#8221;sp-icono-caracteristicas&#8221;][\/vc_column][vc_column width=&#8221;1\/3&#8243; offset=&#8221;vc_col-xs-4&#8243;][vc_icon icon_fontawesome=&#8221;fa fa-wifi&#8221; color=&#8221;custom&#8221; background_style=&#8221;rounded-outline&#8221; size=&#8221;xs&#8221; align=&#8221;center&#8221; custom_color=&#8221;#2a8ecc&#8221; el_class=&#8221;icon-caracteristicas&#8221;][vc_custom_heading text=&#8221;INFORMA\u00c7\u00c3O ONLINE&#8221; font_container=&#8221;tag:h2|text_align:center|color:%23444444&#8243; google_fonts=&#8221;font_family:Montserrat%3Aregular%2C700|font_style:400%20regular%3A400%3Anormal&#8221; el_class=&#8221;p-icono-caracteristicas&#8221;][vc_custom_heading text=&#8221;Gra\u00e7as ao seu sistema com tecnologia sem fio, WI-FI, GPRS, 3G e 4G, voc\u00ea pode acessar a partir de qualquer ponto e ficar conectado.&#8221; font_container=&#8221;tag:h2|text_align:center|color:%23666666&#8243; google_fonts=&#8221;font_family:Lato%3A100%2C100italic%2C300%2C300italic%2Cregular%2Citalic%2C700%2C700italic%2C900%2C900italic|font_style:400%20regular%3A400%3Anormal&#8221; el_class=&#8221;sp-icono-caracteristicas&#8221;][\/vc_column][\/vc_row][\/vc_section][vc_section full_width=&#8221;stretch_row_content&#8221; el_class=&#8221;section-news&#8221;][vc_row][vc_column][vc_custom_heading text=&#8221;NOT\u00cdCIAS&#8221; font_container=&#8221;tag:h2|text_align:center|color:%23444444&#8243; google_fonts=&#8221;font_family:Montserrat%3Aregular%2C700|font_style:700%20bold%20regular%3A700%3Anormal&#8221; el_class=&#8221;h-head&#8221;][vc_custom_heading text=&#8221;Conhe\u00e7a as \u00faltimas novidades do mundo da venda&#8221; font_container=&#8221;tag:h2|text_align:center|color:%23444444&#8243; google_fonts=&#8221;font_family:Lato%3A100%2C100italic%2C300%2C300italic%2Cregular%2Citalic%2C700%2C700italic%2C900%2C900italic|font_style:400%20regular%3A400%3Anormal&#8221; el_class=&#8221;sh-head&#8221;][vc_separator color=&#8221;custom&#8221; border_width=&#8221;2&#8243; accent_color=&#8221;#05508b&#8221; el_class=&#8221;separator-head&#8221;][\/vc_column][\/vc_row][vc_row][vc_column el_class=&#8221;inrow-news-2&#8243;][svc_post_layout svc_type=&#8221;carousel&#8221; car_display_item=&#8221;3&#8243; svc_excerpt_length=&#8221;44&#8243; dcategory=&#8221;yes&#8221; dmeta_data=&#8221;yes&#8221; dsocial=&#8221;yes&#8221; dpost_popup=&#8221;yes&#8221; dimg_popup=&#8221;yes&#8221; read_more=&#8221;Leer m\u00e1s&#8221; line_color=&#8221;#0b354b&#8221; tcolor=&#8221;#0b354b&#8221;][\/vc_column][\/vc_row][\/vc_section][vc_section full_width=&#8221;stretch_row_content&#8221; content_placement=&#8221;middle&#8221; el_class=&#8221;section-contact&#8221; css=&#8221;.vc_custom_1531757340521{background-color: #094867 !important;}&#8221;][vc_row full_height=&#8221;yes&#8221; equal_height=&#8221;yes&#8221; content_placement=&#8221;top&#8221; el_class=&#8221;row-contacto&#8221; css=&#8221;.vc_custom_1486053148676{background-image: url(http:\/\/gabrielanavarrobienesraices.com\/wp-content\/uploads\/2017\/01\/Fondo-Contacto.jpg?id=218) !important;background-position: center !important;background-repeat: no-repeat !important;background-size: cover !important;}&#8221;][vc_column offset=&#8221;vc_col-lg-6 vc_col-md-12 vc_col-xs-12&#8243; el_class=&#8221;col-contact-1&#8243;][vc_custom_heading text=&#8221;Voc\u00ea quer saber mais sobre nossos servi\u00e7os? Entre em contato conosco&#8221; google_fonts=&#8221;font_family:Open%20Sans%3A300%2C300italic%2Cregular%2Citalic%2C600%2C600italic%2C700%2C700italic%2C800%2C800italic|font_style:400%20regular%3A400%3Anormal&#8221; el_class=&#8221;head-contacto&#8221;][vc_separator align=&#8221;align_left&#8221; border_width=&#8221;2&#8243; el_width=&#8221;50&#8243; el_class=&#8221;separator-contacto&#8221;][vc_custom_heading text=&#8221;N\u00e3o hesite em nos enviar suas d\u00favidas. Visite-nos em algunas de nossas sedes, ou envie-nos a sua consulta e entraremos em contato com voc\u00ea instantaneamente. Voc\u00ea tamb\u00e9m pode escrever para: info@controlglobal.biz&#8221; font_container=&#8221;tag:h2|text_align:left|color:%23ffffff&#8221; google_fonts=&#8221;font_family:Open%20Sans%3A300%2C300italic%2Cregular%2Citalic%2C600%2C600italic%2C700%2C700italic%2C800%2C800italic|font_style:400%20regular%3A400%3Anormal&#8221; el_class=&#8221;p-contacto&#8221;][vc_gmaps link=&#8221;#E-8_JTNDaWZyYW1lJTIwc3JjJTNEJTIyaHR0cHMlM0ElMkYlMkZ3d3cuZ29vZ2xlLmNvbSUyRm1hcHMlMkZlbWJlZCUzRnBiJTNEJTIxMW0xOCUyMTFtMTIlMjExbTMlMjExZDEzNTEuMDA5NTkwNTIxNjU3JTIxMmQtNjQuMTYxNzg5MDc0NzYwNjUlMjEzZC0zMS40MzI1NTY5ODMzNzY0NCUyMTJtMyUyMTFmMCUyMTJmMCUyMTNmMCUyMTNtMiUyMTFpMTAyNCUyMTJpNzY4JTIxNGYxMy4xJTIxM20zJTIxMW0yJTIxMXMweDk0MzJhMmM2Njk2ZTFmNGQlMjUzQTB4NTRiMmE3N2ZjYjIwOGRkZiUyMTJzQ29udHJvbCUyQkdsb2JhbCUyMTVlMCUyMTNtMiUyMTFzZXMlMjEyc2FyJTIxNHYxNDg0NTU2MDg1NDA4JTIyJTIwd2lkdGglM0QlMjI2MDAlMjIlMjBoZWlnaHQlM0QlMjI0NTAlMjIlMjBmcmFtZWJvcmRlciUzRCUyMjAlMjIlMjBzdHlsZSUzRCUyMmJvcmRlciUzQTAlMjIlMjBhbGxvd2Z1bGxzY3JlZW4lM0UlM0MlMkZpZnJhbWUlM0U=&#8221; size=&#8221;&#8221; el_class=&#8221;map&#8221;][\/vc_column][vc_column el_class=&#8221;col-contacto&#8221; css=&#8221;.vc_custom_1485959155998{background-color: rgba(0,0,0,0.3) !important;*background-color: rgb(0,0,0) !important;}&#8221; offset=&#8221;vc_col-lg-6 vc_col-md-12 vc_col-xs-12&#8243;][contact-form-7 id=&#8221;7133&#8243;][vc_raw_html]JTNDc2NyaXB0JTIwdHlwZSUzRCUyMnRleHQlMkZqYXZhc2NyaXB0JTIyJTIwc3JjJTNEJTIyJTJGJTJGY29kZS5qcXVlcnkuY29tJTJGanF1ZXJ5LTEuMTEuMC5taW4uanMlMjIlM0UlM0MlMkZzY3JpcHQlM0UlMEElM0NzY3JpcHQlMjB0eXBlJTNEJTIydGV4dCUyRmphdmFzY3JpcHQlMjIlMjBzcmMlM0QlMjIlMkYlMkZjb2RlLmpxdWVyeS5jb20lMkZqcXVlcnktbWlncmF0ZS0xLjIuMS5taW4uanMlMjIlM0UlM0MlMkZzY3JpcHQlM0U=[\/vc_raw_html][vc_raw_js]JTNDc2NyaXB0JTIwdHlwZSUzRCUyMnRleHQlMkZqYXZhc2NyaXB0JTIyJTNFJTBBJTIwJTIwJTI0JTI4ZG9jdW1lbnQlMjkucmVhZHklMjhmdW5jdGlvbiUyOCUyOSU3QiUwQSUyMCUyMCUyMCUyMCUyNCUyOCUyNyUyM21lbnUtaXRlbS03MjczJTIwJTNFJTIwYSUyNyUyOS5hdHRyJTI4JTIyaHJlZiUyMiUyQyUyMCUyMmh0dHAlM0ElMkYlMkZjb250cm9sZ2xvYmFsLmNsdWIlMkZ0ZWxlbWV0cnktY29udHJvbCUyRiUyMiUyOSUzQiUwQSUyMCUyMCUyMCUyMCUyNCUyOCUyNyUyM21lbnUtaXRlbS03Mjc0JTIwJTNFJTIwYSUyNyUyOS5hdHRyJTI4JTIyaHJlZiUyMiUyQyUyMCUyMmh0dHAlM0ElMkYlMkZjb250cm9sZ2xvYmFsLmNsdWIlMkZ0ZWxlbWV0cnktY29udHJvbC1lbiUyRiUyMiUyOSUzQiUwQSUyMCUyMCUyMCUyMCUyNCUyOCUyNyUyM21lbnUtaXRlbS03Mjc1JTIwJTNFJTIwYSUyNyUyOS5hdHRyJTI4JTIyaHJlZiUyMiUyQyUyMCUyMmh0dHAlM0ElMkYlMkZjb250cm9sZ2xvYmFsLmNsdWIlMkZ0ZWxlbWV0cnktY29udHJvbC1wciUyRiUyMiUyOSUzQiUwQSUyMCUyMCU3RCUyOSUzQiUwQSUzQyUyRnNjcmlwdCUzRQ==[\/vc_raw_js][\/vc_column][\/vc_row][\/vc_section][vc_row][vc_column][vc_column_text][\/vc_column_text][\/vc_column][\/vc_row]<\/p>\n","protected":false},"excerpt":{"rendered":"<p>[vc_section full_width=&#8221;stretch_row_content&#8221; full_height=&#8221;yes&#8221; content_placement=&#8221;middle&#8221; el_class=&#8221;.section-principal&#8221;][vc_row el_class=&#8221;inrow-principal-1&#8243;][vc_column width=&#8221;1\/2&#8243; el_class=&#8221;col-principal-1&#8243;][vc_custom_heading text=&#8221;A FERRAMENTA DE MONITORIZA\u00c7\u00c3O DEFINITIVA.&#8221; font_container=&#8221;tag:h2|text_align:left|color:%23ffffff&#8221; google_fonts=&#8221;font_family:Montserrat%3Aregular%2C700|font_style:700%20bold%20regular%3A700%3Anormal&#8221; el_class=&#8221;h-principal&#8221;][vc_custom_heading text=&#8221;Monitorize as informa\u00e7\u00f5es e gere relat\u00f3rios em tempo real com Telemetry Control.&#8221; font_container=&#8221;tag:h2|text_align:left|color:%23ffffff&#8221; google_fonts=&#8221;font_family:Lato%3A100%2C100italic%2C300%2C300italic%2Cregular%2Citalic%2C700%2C700italic%2C900%2C900italic|font_style:700%20bold%20regular%3A700%3Anormal&#8221; el_class=&#8221;p-principal&#8221;][\/vc_column][vc_column width=&#8221;1\/2&#8243; el_class=&#8221;col-principal-2&#8243;][vc_single_image image=&#8221;5854&#8243; img_size=&#8221;full&#8221; el_class=&#8221;img-principal&#8221;][\/vc_column][\/vc_row][vc_row el_class=&#8221;icon-row-principal&#8221;][vc_column width=&#8221;1\/4&#8243; offset=&#8221;vc_col-xs-3&#8243;][vc_icon type=&#8221;entypo&#8221; icon_entypo=&#8221;entypo-icon entypo-icon-chart-bar&#8221; color=&#8221;white&#8221; background_style=&#8221;rounded-outline&#8221; size=&#8221;xs&#8221; align=&#8221;center&#8221; el_class=&#8221;icon-principal&#8221;][vc_custom_heading text=&#8221;1&#8243; font_container=&#8221;tag:h2|text_align:center|color:%23ffffff&#8221; google_fonts=&#8221;font_family:Montserrat%3Aregular%2C700|font_style:700%20bold%20regular%3A700%3Anormal&#8221; el_class=&#8221;n-iconos-principal&#8221;][vc_custom_heading text=&#8221;MEDI\u00c7\u00c3O&#8221; font_container=&#8221;tag:h2|text_align:center|color:%23ffffff&#8221; google_fonts=&#8221;font_family:Montserrat%3Aregular%2C700|font_style:700%20bold%20regular%3A700%3Anormal&#8221; el_class=&#8221;h-iconos-principal [&hellip;]<\/p>\n","protected":false},"author":6,"featured_media":0,"parent":0,"menu_order":0,"comment_status":"closed","ping_status":"closed","template":"","meta":{"footnotes":""},"class_list":["post-7162","page","type-page","status-publish","hentry"],"_links":{"self":[{"href":"https:\/\/controlglobal.biz\/blog\/wp-json\/wp\/v2\/pages\/7162","targetHints":{"allow":["GET"]}}],"collection":[{"href":"https:\/\/controlglobal.biz\/blog\/wp-json\/wp\/v2\/pages"}],"about":[{"href":"https:\/\/controlglobal.biz\/blog\/wp-json\/wp\/v2\/types\/page"}],"author":[{"embeddable":true,"href":"https:\/\/controlglobal.biz\/blog\/wp-json\/wp\/v2\/users\/6"}],"replies":[{"embeddable":true,"href":"https:\/\/controlglobal.biz\/blog\/wp-json\/wp\/v2\/comments?post=7162"}],"version-history":[{"count":5,"href":"https:\/\/controlglobal.biz\/blog\/wp-json\/wp\/v2\/pages\/7162\/revisions"}],"predecessor-version":[{"id":8096,"href":"https:\/\/controlglobal.biz\/blog\/wp-json\/wp\/v2\/pages\/7162\/revisions\/8096"}],"wp:attachment":[{"href":"https:\/\/controlglobal.biz\/blog\/wp-json\/wp\/v2\/media?parent=7162"}],"curies":[{"name":"wp","href":"https:\/\/api.w.org\/{rel}","templated":true}]}}