{"id":8392,"date":"2019-01-07T13:15:29","date_gmt":"2019-01-07T16:15:29","guid":{"rendered":"http:\/\/wp.controlglobal.biz:8888\/ControlGlobal\/?page_id=8392"},"modified":"2019-01-07T13:15:48","modified_gmt":"2019-01-07T16:15:48","slug":"invertir-en-franquicia-de-tecnologia","status":"publish","type":"page","link":"https:\/\/controlglobal.biz\/blog\/noticias\/invertir-en-franquicia-de-tecnologia\/","title":{"rendered":"\u00bfPor qu\u00e9 invertir en franquicia de tecnolog\u00eda?"},"content":{"rendered":"<h1>\u00bfPor qu\u00e9 invertir en Control Global?<\/h1>\n<blockquote><p><strong>Control Global te permite acceder a una Franquicia de tecnolog\u00eda.<\/strong><\/p>\n<ul>\n<li><strong> El desarrollo de nuestros software y hardware nos permiten la automatizaci\u00f3n de procesos para lograr: Innovaci\u00f3n, control, seguridad e integraci\u00f3n.<\/strong><\/li>\n<li><strong>Integraci\u00f3n a la industria tecnol\u00f3gica: Permite adaptarte a diversos mercados, la aplicaci\u00f3n\u00a0\u00a0 de nuestros productos es inmenso y su crecimiento es constante.<\/strong><\/li>\n<li><strong>Negocio escalable:\u00a0Control global te ofrece un negocio simple de administrar y alto rendimiento, permite elevar la facturaci\u00f3n sin aumentar la estructura.<\/strong><\/li>\n<li><strong>\u00a0La inversi\u00f3n en software es el sector m\u00e1s din\u00e1mico del comercio mundial: Nuestros desarrollos,\u00a0capaces de optimizar recursos y de hacer m\u00e1s eficientes los procesos\u00a0de trabajo, se vuelven indispensables<\/strong><\/li>\n<li><strong>*Mayor Rentabilidad:\u00a0El sector de las nuevas tecnolog\u00edas sigue siendo el de mayor futuro y evoluci\u00f3n, por lo que la rentabilidad del negocio es creciente y en expansi\u00f3n.<\/strong><\/li>\n<\/ul>\n<\/blockquote>\n<h4 style=\"text-align: center;\"><em><strong>\u00a0Click <a href=\"http:\/\/wp.controlglobal.biz:8888\/landing\/partnership\/?utm_source=a&amp;utm_medium=b&amp;utm_term=c&amp;utm_content=d&amp;utm_campaign=e\">Conoc\u00e9 m\u00e1s<\/a> para recibir nuestro plan de negocio.\u00a0<\/strong><\/em><br \/>\n<em>\u00a0ACCEDA A LA EVOLUCI\u00d3N<\/em><\/h4>\n","protected":false},"excerpt":{"rendered":"<p>\u00bfPor qu\u00e9 invertir en Control Global? Control Global te permite acceder a una Franquicia de tecnolog\u00eda. El desarrollo de nuestros software y hardware nos permiten la automatizaci\u00f3n de procesos para lograr: Innovaci\u00f3n, control, seguridad e integraci\u00f3n. Integraci\u00f3n a la industria tecnol\u00f3gica: Permite adaptarte a diversos mercados, la aplicaci\u00f3n\u00a0\u00a0 de nuestros productos es inmenso y su [&hellip;]<\/p>\n","protected":false},"author":6,"featured_media":8020,"parent":5865,"menu_order":0,"comment_status":"closed","ping_status":"closed","template":"","meta":{"footnotes":""},"class_list":["post-8392","page","type-page","status-publish","has-post-thumbnail","hentry"],"_links":{"self":[{"href":"https:\/\/controlglobal.biz\/blog\/wp-json\/wp\/v2\/pages\/8392","targetHints":{"allow":["GET"]}}],"collection":[{"href":"https:\/\/controlglobal.biz\/blog\/wp-json\/wp\/v2\/pages"}],"about":[{"href":"https:\/\/controlglobal.biz\/blog\/wp-json\/wp\/v2\/types\/page"}],"author":[{"embeddable":true,"href":"https:\/\/controlglobal.biz\/blog\/wp-json\/wp\/v2\/users\/6"}],"replies":[{"embeddable":true,"href":"https:\/\/controlglobal.biz\/blog\/wp-json\/wp\/v2\/comments?post=8392"}],"version-history":[{"count":11,"href":"https:\/\/controlglobal.biz\/blog\/wp-json\/wp\/v2\/pages\/8392\/revisions"}],"predecessor-version":[{"id":8612,"href":"https:\/\/controlglobal.biz\/blog\/wp-json\/wp\/v2\/pages\/8392\/revisions\/8612"}],"up":[{"embeddable":true,"href":"https:\/\/controlglobal.biz\/blog\/wp-json\/wp\/v2\/pages\/5865"}],"wp:featuredmedia":[{"embeddable":true,"href":"https:\/\/controlglobal.biz\/blog\/wp-json\/wp\/v2\/media\/8020"}],"wp:attachment":[{"href":"https:\/\/controlglobal.biz\/blog\/wp-json\/wp\/v2\/media?parent=8392"}],"curies":[{"name":"wp","href":"https:\/\/api.w.org\/{rel}","templated":true}]}}