{"id":8521,"date":"2019-03-18T14:31:56","date_gmt":"2019-03-18T17:31:56","guid":{"rendered":"https:\/\/controlglobal.biz\/?page_id=8521"},"modified":"2019-03-18T14:34:37","modified_gmt":"2019-03-18T17:34:37","slug":"access-control","status":"publish","type":"page","link":"https:\/\/controlglobal.biz\/blog\/access-control\/","title":{"rendered":"Access Control"},"content":{"rendered":"<p>[vc_section full_width=&#8221;stretch_row_content&#8221; content_placement=&#8221;top&#8221; el_class=&#8221;.section-principal&#8221; css=&#8221;.vc_custom_1552923457493{background-color: #f4f5f5 !important;}&#8221;][vc_row el_class=&#8221;inrow-principal-1&#8243;][vc_column el_class=&#8221;col-principal-1&#8243;][vc_row_inner][vc_column_inner width=&#8221;1\/2&#8243;][vc_custom_heading text=&#8221;LA SOLUCI\u00d3N M\u00c1S COMPLETA PARA EL CONTROL DE ACCESOS &#8221; font_container=&#8221;tag:h2|text_align:left|color:%23ffffff&#8221; google_fonts=&#8221;font_family:Montserrat%3Aregular%2C700|font_style:700%20bold%20regular%3A700%3Anormal&#8221; el_class=&#8221;h-principal&#8221;][vc_custom_heading text=&#8221;Configure usuarios, permisos y acceso a puertas con el nuevo sistema Access Control.&#8221; font_container=&#8221;tag:h2|text_align:left|color:%23ffffff&#8221; google_fonts=&#8221;font_family:Lato%3A100%2C100italic%2C300%2C300italic%2Cregular%2Citalic%2C700%2C700italic%2C900%2C900italic|font_style:700%20bold%20regular%3A700%3Anormal&#8221; el_class=&#8221;p-principal&#8221;][\/vc_column_inner][vc_column_inner width=&#8221;1\/2&#8243;][vc_single_image image=&#8221;8240&#8243; img_size=&#8221;medium&#8221;][\/vc_column_inner][\/vc_row_inner][\/vc_column][\/vc_row][vc_row el_class=&#8221;icon-row-principal&#8221;][vc_column width=&#8221;1\/4&#8243; offset=&#8221;vc_col-xs-3&#8243;][vc_icon type=&#8221;typicons&#8221; icon_typicons=&#8221;typcn typcn-key-outline&#8221; color=&#8221;white&#8221; background_style=&#8221;rounded-outline&#8221; size=&#8221;xs&#8221; align=&#8221;center&#8221; el_class=&#8221;icon-principal&#8221;][vc_custom_heading text=&#8221;1&#8243; font_container=&#8221;tag:h2|text_align:center|color:%23ffffff&#8221; google_fonts=&#8221;font_family:Montserrat%3Aregular%2C700|font_style:700%20bold%20regular%3A700%3Anormal&#8221; el_class=&#8221;n-iconos-principal&#8221;][vc_custom_heading text=&#8221;ACCESO&#8221; font_container=&#8221;tag:h2|text_align:center|color:%23ffffff&#8221; google_fonts=&#8221;font_family:Montserrat%3Aregular%2C700|font_style:700%20bold%20regular%3A700%3Anormal&#8221; el_class=&#8221;h-iconos-principal fix&#8221;][vc_custom_heading text=&#8221;Registre usuarios y asigne permisos por puerta, sector o ubicaci\u00f3n&#8221; font_container=&#8221;tag:h2|text_align:center|color:%23ffffff&#8221; google_fonts=&#8221;font_family:Lato%3A100%2C100italic%2C300%2C300italic%2Cregular%2Citalic%2C700%2C700italic%2C900%2C900italic|font_style:700%20bold%20regular%3A700%3Anormal&#8221; el_class=&#8221;p-iconos-principal&#8221;][\/vc_column][vc_column width=&#8221;1\/4&#8243; offset=&#8221;vc_col-xs-3&#8243;][vc_icon type=&#8221;typicons&#8221; icon_typicons=&#8221;typcn typcn-calculator&#8221; color=&#8221;white&#8221; background_style=&#8221;rounded-outline&#8221; size=&#8221;xs&#8221; align=&#8221;center&#8221; el_class=&#8221;icon-principal&#8221;][vc_custom_heading text=&#8221;2&#8243; font_container=&#8221;tag:h2|text_align:center|color:%23ffffff&#8221; google_fonts=&#8221;font_family:Montserrat%3Aregular%2C700|font_style:700%20bold%20regular%3A700%3Anormal&#8221; el_class=&#8221;n-iconos-principal&#8221;][vc_custom_heading text=&#8221;PIN CONTROL&#8221; font_container=&#8221;tag:h2|text_align:center|color:%23ffffff&#8221; google_fonts=&#8221;font_family:Montserrat%3Aregular%2C700|font_style:700%20bold%20regular%3A700%3Anormal&#8221; el_class=&#8221;h-iconos-principal&#8221;][vc_custom_heading text=&#8221;Permita el ingreso mediante PIN, NFC, Bluetooth o una combinaci\u00f3n.&#8221; font_container=&#8221;tag:h2|text_align:center|color:%23ffffff&#8221; google_fonts=&#8221;font_family:Lato%3A100%2C100italic%2C300%2C300italic%2Cregular%2Citalic%2C700%2C700italic%2C900%2C900italic|font_style:700%20bold%20regular%3A700%3Anormal&#8221; el_class=&#8221;p-iconos-principal&#8221;][\/vc_column][vc_column width=&#8221;1\/4&#8243; offset=&#8221;vc_col-xs-3&#8243;][vc_icon type=&#8221;entypo&#8221; icon_entypo=&#8221;entypo-icon entypo-icon-cloud&#8221; color=&#8221;white&#8221; background_style=&#8221;rounded-outline&#8221; size=&#8221;xs&#8221; align=&#8221;center&#8221; el_class=&#8221;icon-principal&#8221;][vc_custom_heading text=&#8221;3&#8243; font_container=&#8221;tag:h2|text_align:center|color:%23ffffff&#8221; google_fonts=&#8221;font_family:Montserrat%3Aregular%2C700|font_style:700%20bold%20regular%3A700%3Anormal&#8221; el_class=&#8221;n-iconos-principal&#8221;][vc_custom_heading text=&#8221;WEB ENABLED&#8221; font_container=&#8221;tag:h2|text_align:center|color:%23ffffff&#8221; google_fonts=&#8221;font_family:Montserrat%3Aregular%2C700|font_style:700%20bold%20regular%3A700%3Anormal&#8221; el_class=&#8221;h-iconos-principal&#8221;][vc_custom_heading text=&#8221;Al ser Web Enabled no requiere servidores ni instalaciones extra&#8221; font_container=&#8221;tag:h2|text_align:center|color:%23ffffff&#8221; google_fonts=&#8221;font_family:Lato%3A100%2C100italic%2C300%2C300italic%2Cregular%2Citalic%2C700%2C700italic%2C900%2C900italic|font_style:700%20bold%20regular%3A700%3Anormal&#8221; el_class=&#8221;p-iconos-principal&#8221;][\/vc_column][vc_column width=&#8221;1\/4&#8243; offset=&#8221;vc_col-xs-3&#8243;][vc_icon icon_fontawesome=&#8221;fa fa-laptop&#8221; color=&#8221;white&#8221; background_style=&#8221;rounded-outline&#8221; size=&#8221;xs&#8221; align=&#8221;center&#8221; el_class=&#8221;icon-principal&#8221;][vc_custom_heading text=&#8221;4&#8243; font_container=&#8221;tag:h2|text_align:center|color:%23ffffff&#8221; google_fonts=&#8221;font_family:Montserrat%3Aregular%2C700|font_style:700%20bold%20regular%3A700%3Anormal&#8221; el_class=&#8221;n-iconos-principal&#8221;][vc_custom_heading text=&#8221;COMPUTING&#8221; font_container=&#8221;tag:h2|text_align:center|color:%23ffffff&#8221; google_fonts=&#8221;font_family:Montserrat%3Aregular%2C700|font_style:700%20bold%20regular%3A700%3Anormal&#8221; el_class=&#8221;h-iconos-principal&#8221;][vc_custom_heading text=&#8221;Los accesos e historial se procesan y almacenan de manera segura&#8221; font_container=&#8221;tag:h2|text_align:center|color:%23ffffff&#8221; google_fonts=&#8221;font_family:Lato%3A100%2C100italic%2C300%2C300italic%2Cregular%2Citalic%2C700%2C700italic%2C900%2C900italic|font_style:700%20bold%20regular%3A700%3Anormal&#8221; el_class=&#8221;p-iconos-principal&#8221;][\/vc_column][\/vc_row][\/vc_section][vc_section full_width=&#8221;stretch_row_content&#8221; content_placement=&#8221;middle&#8221; el_class=&#8221;section-caracteristicas&#8221;][vc_row][vc_column][vc_custom_heading text=&#8221;ACCESS CONTROL&#8221; font_container=&#8221;tag:h2|text_align:center|color:%23444444&#8243; google_fonts=&#8221;font_family:Montserrat%3Aregular%2C700|font_style:700%20bold%20regular%3A700%3Anormal&#8221; el_class=&#8221;h-head&#8221;][vc_custom_heading text=&#8221;Integre todas sus necesidades&#8221; font_container=&#8221;tag:h2|text_align:center|color:%23444444&#8243; google_fonts=&#8221;font_family:Lato%3A100%2C100italic%2C300%2C300italic%2Cregular%2Citalic%2C700%2C700italic%2C900%2C900italic|font_style:400%20regular%3A400%3Anormal&#8221; el_class=&#8221;sh-head&#8221;][vc_separator color=&#8221;custom&#8221; border_width=&#8221;2&#8243; accent_color=&#8221;#ef4609&#8243; el_class=&#8221;separator-head&#8221;][\/vc_column][\/vc_row][vc_row equal_height=&#8221;yes&#8221;][vc_column width=&#8221;1\/2&#8243;][vc_row_inner el_class=&#8221;inrow-cash-1&#8243;][vc_column_inner width=&#8221;1\/2&#8243; offset=&#8221;vc_col-xs-6&#8243;][vc_icon icon_fontawesome=&#8221;fa fa-wifi&#8221; color=&#8221;custom&#8221; size=&#8221;xs&#8221; align=&#8221;center&#8221; custom_color=&#8221;#f96000&#8243; el_class=&#8221;icon-cash&#8221;][vc_custom_heading text=&#8221;ONLINE&#8221; font_container=&#8221;tag:h2|text_align:center|color:%23f96000&#8243; google_fonts=&#8221;font_family:Montserrat%3Aregular%2C700|font_style:700%20bold%20regular%3A700%3Anormal&#8221; el_class=&#8221;h-cash&#8221;][vc_custom_heading text=&#8221;Gestione de manera online toda la informaci\u00f3n que se genera. &#8221; font_container=&#8221;tag:h2|text_align:center|color:%23444444&#8243; google_fonts=&#8221;font_family:Lato%3A100%2C100italic%2C300%2C300italic%2Cregular%2Citalic%2C700%2C700italic%2C900%2C900italic|font_style:400%20regular%3A400%3Anormal&#8221; el_class=&#8221;p-cash&#8221;][vc_icon icon_fontawesome=&#8221;fa fa-user&#8221; color=&#8221;custom&#8221; size=&#8221;xs&#8221; align=&#8221;center&#8221; custom_color=&#8221;#f96000&#8243; el_class=&#8221;icon-cash&#8221;][vc_custom_heading text=&#8221;USUARIOS&#8221; font_container=&#8221;tag:h2|text_align:center|color:%23f96000&#8243; google_fonts=&#8221;font_family:Montserrat%3Aregular%2C700|font_style:700%20bold%20regular%3A700%3Anormal&#8221; el_class=&#8221;h-cash&#8221;][vc_custom_heading text=&#8221;Gestione las llaves virtuales de los diversos residentes de la locaci\u00f3n. &#8221; font_container=&#8221;tag:h2|text_align:center|color:%23444444&#8243; google_fonts=&#8221;font_family:Lato%3A100%2C100italic%2C300%2C300italic%2Cregular%2Citalic%2C700%2C700italic%2C900%2C900italic|font_style:400%20regular%3A400%3Anormal&#8221; el_class=&#8221;p-cash&#8221;][\/vc_column_inner][vc_column_inner width=&#8221;1\/2&#8243;][vc_icon icon_fontawesome=&#8221;fa fa-lightbulb-o&#8221; color=&#8221;custom&#8221; size=&#8221;xs&#8221; align=&#8221;center&#8221; custom_color=&#8221;#f96000&#8243; el_class=&#8221;icon-cash&#8221;][vc_custom_heading text=&#8221;ADAPTABLE&#8221; font_container=&#8221;tag:h2|text_align:center|color:%23f96000&#8243; google_fonts=&#8221;font_family:Montserrat%3Aregular%2C700|font_style:700%20bold%20regular%3A700%3Anormal&#8221; el_class=&#8221;h-cash&#8221;][vc_custom_heading text=&#8221;Adaptable a todo tipo de locaciones y dispositivo de acceso del mercado. &#8221; font_container=&#8221;tag:h2|text_align:center|color:%23444444&#8243; google_fonts=&#8221;font_family:Lato%3A100%2C100italic%2C300%2C300italic%2Cregular%2Citalic%2C700%2C700italic%2C900%2C900italic|font_style:400%20regular%3A400%3Anormal&#8221; el_class=&#8221;p-cash&#8221;][vc_icon icon_fontawesome=&#8221;fa fa-shield&#8221; color=&#8221;custom&#8221; size=&#8221;xs&#8221; align=&#8221;center&#8221; custom_color=&#8221;#f96000&#8243; el_class=&#8221;icon-cash&#8221;][vc_custom_heading text=&#8221;CONTROL&#8221; font_container=&#8221;tag:h2|text_align:center|color:%23f96000&#8243; google_fonts=&#8221;font_family:Montserrat%3Aregular%2C700|font_style:700%20bold%20regular%3A700%3Anormal&#8221; el_class=&#8221;h-cash&#8221;][vc_custom_heading text=&#8221;Controle los ingresos, salidas, horarios y accesos que se utilizaron. &#8221; font_container=&#8221;tag:h2|text_align:center|color:%23444444&#8243; google_fonts=&#8221;font_family:Lato%3A100%2C100italic%2C300%2C300italic%2Cregular%2Citalic%2C700%2C700italic%2C900%2C900italic|font_style:400%20regular%3A400%3Anormal&#8221; el_class=&#8221;p-cash&#8221;][\/vc_column_inner][\/vc_row_inner][\/vc_column][vc_column width=&#8221;1\/2&#8243; css=&#8221;.vc_custom_1552928433201{margin-top: 35px !important;}&#8221;][vc_raw_html]JTNDaWZyYW1lJTIwd2lkdGglM0QlMjI1NjAlMjIlMjBoZWlnaHQlM0QlMjIzMTUlMjIlMjBzcmMlM0QlMjJodHRwcyUzQSUyRiUyRnd3dy55b3V0dWJlLmNvbSUyRmVtYmVkJTJGXzRtX3dQVVRybkklMjIlMjBmcmFtZWJvcmRlciUzRCUyMjAlMjIlMjBhbGxvdyUzRCUyMmFjY2VsZXJvbWV0ZXIlM0IlMjBhdXRvcGxheSUzQiUyMGVuY3J5cHRlZC1tZWRpYSUzQiUyMGd5cm9zY29wZSUzQiUyMHBpY3R1cmUtaW4tcGljdHVyZSUyMiUyMGFsbG93ZnVsbHNjcmVlbiUzRSUzQyUyRmlmcmFtZSUzRQ==[\/vc_raw_html][\/vc_column][\/vc_row][\/vc_section][vc_section full_width=&#8221;stretch_row_content&#8221; content_placement=&#8221;top&#8221; css=&#8221;.vc_custom_1552929932138{background-color: #f6f6f6 !important;}&#8221;][vc_row css=&#8221;.vc_custom_1552930009395{background-position: center !important;background-repeat: no-repeat !important;background-size: contain !important;}&#8221;][vc_column][vc_custom_heading text=&#8221;PLATAFORMAS DE GESTI\u00d3N&#8221; font_container=&#8221;tag:h2|text_align:center|color:%23444444&#8243; google_fonts=&#8221;font_family:Montserrat%3Aregular%2C700|font_style:700%20bold%20regular%3A700%3Anormal&#8221; el_class=&#8221;h-head&#8221;][vc_custom_heading text=&#8221;M\u00f3dulos de gesti\u00f3n integral para cada tipo de usuario y App Movil&#8221; font_container=&#8221;tag:h2|text_align:center|color:%23444444&#8243; google_fonts=&#8221;font_family:Lato%3A100%2C100italic%2C300%2C300italic%2Cregular%2Citalic%2C700%2C700italic%2C900%2C900italic|font_style:400%20regular%3A400%3Anormal&#8221; el_class=&#8221;sh-head&#8221; css=&#8221;.vc_custom_1552930183492{padding-bottom: -30px !important;}&#8221;][vc_separator color=&#8221;custom&#8221; border_width=&#8221;2&#8243; accent_color=&#8221;#05508b&#8221; el_class=&#8221;separator-head&#8221;][vc_single_image image=&#8221;8550&#8243; img_size=&#8221;full&#8221; alignment=&#8221;center&#8221; css=&#8221;.vc_custom_1552930262432{margin-top: -20px !important;margin-bottom: -5px !important;}&#8221;][\/vc_column][\/vc_row][\/vc_section][vc_section full_width=&#8221;stretch_row_content&#8221; el_class=&#8221;section-news&#8221;][vc_row][vc_column][vc_custom_heading text=&#8221;NOTICIAS&#8221; font_container=&#8221;tag:h2|text_align:center|color:%23444444&#8243; google_fonts=&#8221;font_family:Montserrat%3Aregular%2C700|font_style:700%20bold%20regular%3A700%3Anormal&#8221; el_class=&#8221;h-head&#8221;][vc_custom_heading text=&#8221;Mant\u00e9ngase al tanto con todas las novedades del mundo tecnol\u00f3gico&#8221; font_container=&#8221;tag:h2|text_align:center|color:%23444444&#8243; google_fonts=&#8221;font_family:Lato%3A100%2C100italic%2C300%2C300italic%2Cregular%2Citalic%2C700%2C700italic%2C900%2C900italic|font_style:400%20regular%3A400%3Anormal&#8221; el_class=&#8221;sh-head&#8221;][vc_separator color=&#8221;custom&#8221; border_width=&#8221;2&#8243; accent_color=&#8221;#05508b&#8221; el_class=&#8221;separator-head&#8221;][\/vc_column][\/vc_row][vc_row][vc_column el_class=&#8221;inrow-news-2&#8243;][vc_column_text][svc_post_layout svc_type=&#8221;carousel&#8221; car_display_item=&#8221;3&#8243; svc_excerpt_length=&#8221;44&#8243; dcategory=&#8221;yes&#8221; dmeta_data=&#8221;yes&#8221; dsocial=&#8221;yes&#8221; dpost_popup=&#8221;yes&#8221; dimg_popup=&#8221;yes&#8221; read_more=&#8221;Leer m\u00e1s&#8221; line_color=&#8221;#0b354b&#8221; tcolor=&#8221;#0b354b&#8221;][\/vc_column_text][\/vc_column][\/vc_row][\/vc_section][vc_section full_width=&#8221;stretch_row_content&#8221; content_placement=&#8221;middle&#8221; el_class=&#8221;section-contact&#8221; css=&#8221;.vc_custom_1531754527373{background-color: #094867 !important;}&#8221;][vc_row full_height=&#8221;yes&#8221; equal_height=&#8221;yes&#8221; content_placement=&#8221;top&#8221; el_class=&#8221;row-contacto&#8221; css=&#8221;.vc_custom_1486053148676{background-image: url(http:\/\/gabrielanavarrobienesraices.com\/wp-content\/uploads\/2017\/01\/Fondo-Contacto.jpg?id=218) !important;background-position: center !important;background-repeat: no-repeat !important;background-size: cover !important;}&#8221;][vc_column offset=&#8221;vc_col-lg-6 vc_col-md-12 vc_col-xs-12&#8243; el_class=&#8221;col-contact-1&#8243;][vc_custom_heading text=&#8221;\u00bfDesea conocer m\u00e1s acerca de nuestros servicios? P\u00f3ngase en contacto con nosotros&#8221; google_fonts=&#8221;font_family:Open%20Sans%3A300%2C300italic%2Cregular%2Citalic%2C600%2C600italic%2C700%2C700italic%2C800%2C800italic|font_style:400%20regular%3A400%3Anormal&#8221; el_class=&#8221;head-contacto&#8221;][vc_separator align=&#8221;align_left&#8221; border_width=&#8221;2&#8243; el_width=&#8221;50&#8243; el_class=&#8221;separator-contacto&#8221;][vc_custom_heading text=&#8221;No dude en hacernos llegar sus inquietudes. Vis\u00edtenos en algunas de nuestras sedes, o env\u00edenos su consulta y nos contactaremos al instante.Tambi\u00e9n puede escribirnos a: <strong>info@controlglobal.biz<strong>&#8221; font_container=&#8221;tag:h2|text_align:left|color:%23ffffff&#8221; google_fonts=&#8221;font_family:Open%20Sans%3A300%2C300italic%2Cregular%2Citalic%2C600%2C600italic%2C700%2C700italic%2C800%2C800italic|font_style:400%20regular%3A400%3Anormal&#8221; el_class=&#8221;p-contacto&#8221;][vc_gmaps link=&#8221;#E-8_JTNDaWZyYW1lJTIwc3JjJTNEJTIyaHR0cHMlM0ElMkYlMkZ3d3cuZ29vZ2xlLmNvbSUyRm1hcHMlMkZlbWJlZCUzRnBiJTNEJTIxMW0xOCUyMTFtMTIlMjExbTMlMjExZDEzNTEuMDA5NTkwNTIxNjU3JTIxMmQtNjQuMTYxNzg5MDc0NzYwNjUlMjEzZC0zMS40MzI1NTY5ODMzNzY0NCUyMTJtMyUyMTFmMCUyMTJmMCUyMTNmMCUyMTNtMiUyMTFpMTAyNCUyMTJpNzY4JTIxNGYxMy4xJTIxM20zJTIxMW0yJTIxMXMweDk0MzJhMmM2Njk2ZTFmNGQlMjUzQTB4NTRiMmE3N2ZjYjIwOGRkZiUyMTJzQ29udHJvbCUyQkdsb2JhbCUyMTVlMCUyMTNtMiUyMTFzZXMlMjEyc2FyJTIxNHYxNDg0NTU2MDg1NDA4JTIyJTIwd2lkdGglM0QlMjI2MDAlMjIlMjBoZWlnaHQlM0QlMjI0NTAlMjIlMjBmcmFtZWJvcmRlciUzRCUyMjAlMjIlMjBzdHlsZSUzRCUyMmJvcmRlciUzQTAlMjIlMjBhbGxvd2Z1bGxzY3JlZW4lM0UlM0MlMkZpZnJhbWUlM0U=&#8221; size=&#8221;&#8221; el_class=&#8221;map&#8221;][\/vc_column][vc_column el_class=&#8221;col-contacto&#8221; css=&#8221;.vc_custom_1485959155998{background-color: rgba(0,0,0,0.3) !important;*background-color: rgb(0,0,0) !important;}&#8221; offset=&#8221;vc_col-lg-6 vc_col-md-12 vc_col-xs-12&#8243;][contact-form-7 id=&#8221;17&#8243; title=&#8221;Contacto&#8221;][\/vc_column][\/vc_row][\/vc_section][vc_row][vc_column][vc_column_text]<\/strong><\/strong>[\/vc_column_text][\/vc_column][\/vc_row]<\/p>\n","protected":false},"excerpt":{"rendered":"<p>[vc_section full_width=&#8221;stretch_row_content&#8221; content_placement=&#8221;top&#8221; el_class=&#8221;.section-principal&#8221; css=&#8221;.vc_custom_1552923457493{background-color: #f4f5f5 !important;}&#8221;][vc_row el_class=&#8221;inrow-principal-1&#8243;][vc_column el_class=&#8221;col-principal-1&#8243;][vc_row_inner][vc_column_inner width=&#8221;1\/2&#8243;][vc_custom_heading text=&#8221;LA SOLUCI\u00d3N M\u00c1S COMPLETA PARA EL CONTROL DE ACCESOS &#8221; font_container=&#8221;tag:h2|text_align:left|color:%23ffffff&#8221; google_fonts=&#8221;font_family:Montserrat%3Aregular%2C700|font_style:700%20bold%20regular%3A700%3Anormal&#8221; el_class=&#8221;h-principal&#8221;][vc_custom_heading text=&#8221;Configure usuarios, permisos y acceso a puertas con el nuevo sistema Access Control.&#8221; font_container=&#8221;tag:h2|text_align:left|color:%23ffffff&#8221; google_fonts=&#8221;font_family:Lato%3A100%2C100italic%2C300%2C300italic%2Cregular%2Citalic%2C700%2C700italic%2C900%2C900italic|font_style:700%20bold%20regular%3A700%3Anormal&#8221; el_class=&#8221;p-principal&#8221;][\/vc_column_inner][vc_column_inner width=&#8221;1\/2&#8243;][vc_single_image image=&#8221;8240&#8243; img_size=&#8221;medium&#8221;][\/vc_column_inner][\/vc_row_inner][\/vc_column][\/vc_row][vc_row el_class=&#8221;icon-row-principal&#8221;][vc_column width=&#8221;1\/4&#8243; offset=&#8221;vc_col-xs-3&#8243;][vc_icon type=&#8221;typicons&#8221; icon_typicons=&#8221;typcn typcn-key-outline&#8221; color=&#8221;white&#8221; background_style=&#8221;rounded-outline&#8221; size=&#8221;xs&#8221; align=&#8221;center&#8221; el_class=&#8221;icon-principal&#8221;][vc_custom_heading text=&#8221;1&#8243; font_container=&#8221;tag:h2|text_align:center|color:%23ffffff&#8221; [&hellip;]<\/p>\n","protected":false},"author":6,"featured_media":0,"parent":0,"menu_order":0,"comment_status":"closed","ping_status":"closed","template":"","meta":{"footnotes":""},"class_list":["post-8521","page","type-page","status-publish","hentry"],"_links":{"self":[{"href":"https:\/\/controlglobal.biz\/blog\/wp-json\/wp\/v2\/pages\/8521","targetHints":{"allow":["GET"]}}],"collection":[{"href":"https:\/\/controlglobal.biz\/blog\/wp-json\/wp\/v2\/pages"}],"about":[{"href":"https:\/\/controlglobal.biz\/blog\/wp-json\/wp\/v2\/types\/page"}],"author":[{"embeddable":true,"href":"https:\/\/controlglobal.biz\/blog\/wp-json\/wp\/v2\/users\/6"}],"replies":[{"embeddable":true,"href":"https:\/\/controlglobal.biz\/blog\/wp-json\/wp\/v2\/comments?post=8521"}],"version-history":[{"count":63,"href":"https:\/\/controlglobal.biz\/blog\/wp-json\/wp\/v2\/pages\/8521\/revisions"}],"predecessor-version":[{"id":8591,"href":"https:\/\/controlglobal.biz\/blog\/wp-json\/wp\/v2\/pages\/8521\/revisions\/8591"}],"wp:attachment":[{"href":"https:\/\/controlglobal.biz\/blog\/wp-json\/wp\/v2\/media?parent=8521"}],"curies":[{"name":"wp","href":"https:\/\/api.w.org\/{rel}","templated":true}]}}