{"id":9041,"date":"2020-07-03T18:09:30","date_gmt":"2020-07-03T21:09:30","guid":{"rendered":"https:\/\/controlglobal.biz\/blog\/?page_id=9041"},"modified":"2020-08-18T15:13:38","modified_gmt":"2020-08-18T18:13:38","slug":"formulario-de-registro","status":"publish","type":"page","link":"https:\/\/controlglobal.biz\/blog\/formulario-de-registro\/","title":{"rendered":"Registro de Credenciales Estaci\u00f3n del Carmen"},"content":{"rendered":"<p>LA FECHA L\u00cdMITE PARA LA CARGA DE CREDENCIALES A CONCLU\u00cdDO. SI USTED NECESITA SOLICITAR UNA CREDENCIAL DE ACCESO POR FAVOR COMUNIQUESE CON LA ADMINISTRACI\u00d3N DEL BARRIO.<\/p>\n<p>MUCHAS GRACIAS.<\/p>\n","protected":false},"excerpt":{"rendered":"<p>LA FECHA L\u00cdMITE PARA LA CARGA DE CREDENCIALES A CONCLU\u00cdDO. SI USTED NECESITA SOLICITAR UNA CREDENCIAL DE ACCESO POR FAVOR COMUNIQUESE CON LA ADMINISTRACI\u00d3N DEL BARRIO. MUCHAS GRACIAS.<\/p>\n","protected":false},"author":6,"featured_media":0,"parent":0,"menu_order":0,"comment_status":"closed","ping_status":"closed","template":"","meta":{"footnotes":""},"class_list":["post-9041","page","type-page","status-publish","hentry"],"_links":{"self":[{"href":"https:\/\/controlglobal.biz\/blog\/wp-json\/wp\/v2\/pages\/9041","targetHints":{"allow":["GET"]}}],"collection":[{"href":"https:\/\/controlglobal.biz\/blog\/wp-json\/wp\/v2\/pages"}],"about":[{"href":"https:\/\/controlglobal.biz\/blog\/wp-json\/wp\/v2\/types\/page"}],"author":[{"embeddable":true,"href":"https:\/\/controlglobal.biz\/blog\/wp-json\/wp\/v2\/users\/6"}],"replies":[{"embeddable":true,"href":"https:\/\/controlglobal.biz\/blog\/wp-json\/wp\/v2\/comments?post=9041"}],"version-history":[{"count":3,"href":"https:\/\/controlglobal.biz\/blog\/wp-json\/wp\/v2\/pages\/9041\/revisions"}],"predecessor-version":[{"id":9622,"href":"https:\/\/controlglobal.biz\/blog\/wp-json\/wp\/v2\/pages\/9041\/revisions\/9622"}],"wp:attachment":[{"href":"https:\/\/controlglobal.biz\/blog\/wp-json\/wp\/v2\/media?parent=9041"}],"curies":[{"name":"wp","href":"https:\/\/api.w.org\/{rel}","templated":true}]}}